{"id":61,"date":"2021-05-26T16:10:25","date_gmt":"2021-05-26T16:10:25","guid":{"rendered":"https:\/\/barcelbal.com\/\/home\/"},"modified":"2025-03-19T10:34:43","modified_gmt":"2025-03-19T10:34:43","slug":"home","status":"publish","type":"page","link":"https:\/\/barcelbal.com\/en\/","title":{"rendered":"Scales and Weighbridges"},"content":{"rendered":"","protected":false},"excerpt":{"rendered":"","protected":false},"author":1,"featured_media":3980,"parent":0,"menu_order":0,"comment_status":"closed","ping_status":"closed","template":"index.php","meta":{"_acf_changed":false,"inline_featured_image":false,"footnotes":""},"class_list":["post-61","page","type-page","status-publish","has-post-thumbnail","hentry"],"acf":[],"yoast_head":"<!-- This site is optimized with the Yoast SEO plugin v27.4 - https:\/\/yoast.com\/product\/yoast-seo-wordpress\/ -->\n<title>Barcelbal | Scales and Weighbridges<\/title>\n<meta name=\"description\" content=\"The highest-quality, precise and innovative scales in the market are at Barcelbal. 38 years weighing together!\" \/>\n<meta name=\"robots\" content=\"index, follow, max-snippet:-1, max-image-preview:large, max-video-preview:-1\" \/>\n<link rel=\"canonical\" href=\"https:\/\/barcelbal.com\/en\/\" \/>\n<meta property=\"og:locale\" content=\"en_US\" \/>\n<meta property=\"og:type\" content=\"article\" \/>\n<meta property=\"og:title\" content=\"Barcelbal - Balan\u00e7as e B\u00e1sculas, S.A.\" \/>\n<meta property=\"og:description\" content=\"Na Barcelbal encontra as balan\u00e7as e b\u00e1sculas ponte pesa cami\u00f5es mais inovadoras do mercado. 40 anos a pesar juntos!\" \/>\n<meta property=\"og:url\" content=\"https:\/\/barcelbal.com\/en\/\" \/>\n<meta property=\"og:site_name\" content=\"Barcelbal\" \/>\n<meta property=\"article:publisher\" content=\"https:\/\/www.facebook.com\/barcelbal\/\" \/>\n<meta property=\"article:modified_time\" content=\"2025-03-19T10:34:43+00:00\" \/>\n<meta property=\"og:image\" content=\"https:\/\/barcelbal.com\/wp-content\/uploads\/2021\/07\/fachada_Barcelbal_41-1-scaled.jpg\" \/>\n\t<meta property=\"og:image:width\" content=\"2560\" \/>\n\t<meta property=\"og:image:height\" content=\"1420\" \/>\n\t<meta property=\"og:image:type\" content=\"image\/jpeg\" \/>\n<meta name=\"twitter:card\" content=\"summary_large_image\" \/>\n<meta name=\"twitter:title\" content=\"Barcelbal - Balan\u00e7as e B\u00e1sculas, S.A.\" \/>\n<meta name=\"twitter:description\" content=\"Na Barcelbal encontra as balan\u00e7as e b\u00e1sculas ponte pesa cami\u00f5es mais inovadoras do mercado. 40 anos a pesar juntos!\" \/>\n<meta name=\"twitter:image\" content=\"https:\/\/barcelbal.com\/wp-content\/uploads\/2021\/07\/fachada_Barcelbal_41-1-scaled.jpg\" \/>\n<meta name=\"twitter:label1\" content=\"Est. reading time\" \/>\n\t<meta name=\"twitter:data1\" content=\"1 minute\" \/>\n<script type=\"application\/ld+json\" class=\"yoast-schema-graph\">{\"@context\":\"https:\\\/\\\/schema.org\",\"@graph\":[{\"@type\":\"WebPage\",\"@id\":\"https:\\\/\\\/barcelbal.com\\\/en\\\/\",\"url\":\"https:\\\/\\\/barcelbal.com\\\/en\\\/\",\"name\":\"Barcelbal | Scales and Weighbridges\",\"isPartOf\":{\"@id\":\"https:\\\/\\\/barcelbal.com\\\/#website\"},\"primaryImageOfPage\":{\"@id\":\"https:\\\/\\\/barcelbal.com\\\/en\\\/#primaryimage\"},\"image\":{\"@id\":\"https:\\\/\\\/barcelbal.com\\\/en\\\/#primaryimage\"},\"thumbnailUrl\":\"https:\\\/\\\/barcelbal.com\\\/wp-content\\\/uploads\\\/2022\\\/08\\\/Fachada_Barcelbal.jpg\",\"datePublished\":\"2021-05-26T16:10:25+00:00\",\"dateModified\":\"2025-03-19T10:34:43+00:00\",\"description\":\"The highest-quality, precise and innovative scales in the market are at Barcelbal. 38 years weighing together!\",\"breadcrumb\":{\"@id\":\"https:\\\/\\\/barcelbal.com\\\/en\\\/#breadcrumb\"},\"inLanguage\":\"en-US\",\"potentialAction\":[{\"@type\":\"ReadAction\",\"target\":[\"https:\\\/\\\/barcelbal.com\\\/en\\\/\"]}]},{\"@type\":\"ImageObject\",\"inLanguage\":\"en-US\",\"@id\":\"https:\\\/\\\/barcelbal.com\\\/en\\\/#primaryimage\",\"url\":\"https:\\\/\\\/barcelbal.com\\\/wp-content\\\/uploads\\\/2022\\\/08\\\/Fachada_Barcelbal.jpg\",\"contentUrl\":\"https:\\\/\\\/barcelbal.com\\\/wp-content\\\/uploads\\\/2022\\\/08\\\/Fachada_Barcelbal.jpg\",\"width\":1920,\"height\":1080},{\"@type\":\"BreadcrumbList\",\"@id\":\"https:\\\/\\\/barcelbal.com\\\/en\\\/#breadcrumb\",\"itemListElement\":[{\"@type\":\"ListItem\",\"position\":1,\"name\":\"In\u00edcio\",\"item\":\"https:\\\/\\\/barcelbal.com\\\/en\\\/\"},{\"@type\":\"ListItem\",\"position\":2,\"name\":\"Scales and Weighbridges\"}]},{\"@type\":\"WebSite\",\"@id\":\"https:\\\/\\\/barcelbal.com\\\/#website\",\"url\":\"https:\\\/\\\/barcelbal.com\\\/\",\"name\":\"Barcelbal\",\"description\":\"Sistemas de pesagem, balan\u00e7as e b\u00e1sculas\",\"potentialAction\":[{\"@type\":\"SearchAction\",\"target\":{\"@type\":\"EntryPoint\",\"urlTemplate\":\"https:\\\/\\\/barcelbal.com\\\/?s={search_term_string}\"},\"query-input\":{\"@type\":\"PropertyValueSpecification\",\"valueRequired\":true,\"valueName\":\"search_term_string\"}}],\"inLanguage\":\"en-US\"}]}<\/script>\n<!-- \/ Yoast SEO plugin. -->","yoast_head_json":{"title":"Barcelbal | Scales and Weighbridges","description":"The highest-quality, precise and innovative scales in the market are at Barcelbal. 38 years weighing together!","robots":{"index":"index","follow":"follow","max-snippet":"max-snippet:-1","max-image-preview":"max-image-preview:large","max-video-preview":"max-video-preview:-1"},"canonical":"https:\/\/barcelbal.com\/en\/","og_locale":"en_US","og_type":"article","og_title":"Barcelbal - Balan\u00e7as e B\u00e1sculas, S.A.","og_description":"Na Barcelbal encontra as balan\u00e7as e b\u00e1sculas ponte pesa cami\u00f5es mais inovadoras do mercado. 40 anos a pesar juntos!","og_url":"https:\/\/barcelbal.com\/en\/","og_site_name":"Barcelbal","article_publisher":"https:\/\/www.facebook.com\/barcelbal\/","article_modified_time":"2025-03-19T10:34:43+00:00","og_image":[{"width":2560,"height":1420,"url":"https:\/\/barcelbal.com\/wp-content\/uploads\/2021\/07\/fachada_Barcelbal_41-1-scaled.jpg","type":"image\/jpeg"}],"twitter_card":"summary_large_image","twitter_title":"Barcelbal - Balan\u00e7as e B\u00e1sculas, S.A.","twitter_description":"Na Barcelbal encontra as balan\u00e7as e b\u00e1sculas ponte pesa cami\u00f5es mais inovadoras do mercado. 40 anos a pesar juntos!","twitter_image":"https:\/\/barcelbal.com\/wp-content\/uploads\/2021\/07\/fachada_Barcelbal_41-1-scaled.jpg","twitter_misc":{"Est. reading time":"1 minute"},"schema":{"@context":"https:\/\/schema.org","@graph":[{"@type":"WebPage","@id":"https:\/\/barcelbal.com\/en\/","url":"https:\/\/barcelbal.com\/en\/","name":"Barcelbal | Scales and Weighbridges","isPartOf":{"@id":"https:\/\/barcelbal.com\/#website"},"primaryImageOfPage":{"@id":"https:\/\/barcelbal.com\/en\/#primaryimage"},"image":{"@id":"https:\/\/barcelbal.com\/en\/#primaryimage"},"thumbnailUrl":"https:\/\/barcelbal.com\/wp-content\/uploads\/2022\/08\/Fachada_Barcelbal.jpg","datePublished":"2021-05-26T16:10:25+00:00","dateModified":"2025-03-19T10:34:43+00:00","description":"The highest-quality, precise and innovative scales in the market are at Barcelbal. 38 years weighing together!","breadcrumb":{"@id":"https:\/\/barcelbal.com\/en\/#breadcrumb"},"inLanguage":"en-US","potentialAction":[{"@type":"ReadAction","target":["https:\/\/barcelbal.com\/en\/"]}]},{"@type":"ImageObject","inLanguage":"en-US","@id":"https:\/\/barcelbal.com\/en\/#primaryimage","url":"https:\/\/barcelbal.com\/wp-content\/uploads\/2022\/08\/Fachada_Barcelbal.jpg","contentUrl":"https:\/\/barcelbal.com\/wp-content\/uploads\/2022\/08\/Fachada_Barcelbal.jpg","width":1920,"height":1080},{"@type":"BreadcrumbList","@id":"https:\/\/barcelbal.com\/en\/#breadcrumb","itemListElement":[{"@type":"ListItem","position":1,"name":"In\u00edcio","item":"https:\/\/barcelbal.com\/en\/"},{"@type":"ListItem","position":2,"name":"Scales and Weighbridges"}]},{"@type":"WebSite","@id":"https:\/\/barcelbal.com\/#website","url":"https:\/\/barcelbal.com\/","name":"Barcelbal","description":"Sistemas de pesagem, balan\u00e7as e b\u00e1sculas","potentialAction":[{"@type":"SearchAction","target":{"@type":"EntryPoint","urlTemplate":"https:\/\/barcelbal.com\/?s={search_term_string}"},"query-input":{"@type":"PropertyValueSpecification","valueRequired":true,"valueName":"search_term_string"}}],"inLanguage":"en-US"}]}},"_links":{"self":[{"href":"https:\/\/barcelbal.com\/en\/wp-json\/wp\/v2\/pages\/61","targetHints":{"allow":["GET"]}}],"collection":[{"href":"https:\/\/barcelbal.com\/en\/wp-json\/wp\/v2\/pages"}],"about":[{"href":"https:\/\/barcelbal.com\/en\/wp-json\/wp\/v2\/types\/page"}],"author":[{"embeddable":true,"href":"https:\/\/barcelbal.com\/en\/wp-json\/wp\/v2\/users\/1"}],"replies":[{"embeddable":true,"href":"https:\/\/barcelbal.com\/en\/wp-json\/wp\/v2\/comments?post=61"}],"version-history":[{"count":93,"href":"https:\/\/barcelbal.com\/en\/wp-json\/wp\/v2\/pages\/61\/revisions"}],"predecessor-version":[{"id":9764,"href":"https:\/\/barcelbal.com\/en\/wp-json\/wp\/v2\/pages\/61\/revisions\/9764"}],"wp:featuredmedia":[{"embeddable":true,"href":"https:\/\/barcelbal.com\/en\/wp-json\/wp\/v2\/media\/3980"}],"wp:attachment":[{"href":"https:\/\/barcelbal.com\/en\/wp-json\/wp\/v2\/media?parent=61"}],"curies":[{"name":"wp","href":"https:\/\/api.w.org\/{rel}","templated":true}]}}