{"id":4179,"date":"2021-06-16T11:04:03","date_gmt":"2021-06-16T11:04:03","guid":{"rendered":"https:\/\/barcelbal.com\/\/pedido-de-orcamento\/"},"modified":"2025-01-24T11:17:54","modified_gmt":"2025-01-24T11:17:54","slug":"pedido-de-presupuesto","status":"publish","type":"page","link":"https:\/\/barcelbal.com\/es\/pedido-de-presupuesto\/","title":{"rendered":"Pedido de presupuesto"},"content":{"rendered":"<p>La calidad, el rigor y la precisi\u00f3n de los equipos de Barcelbal le permiten gestionar su empresa de forma eficiente y eficaz.\u00a0En Barcelbal ofrecemos soluciones innovadoras y personalizadas de acuerdo a sus necesidades.<\/p>\n<p>Rellene el formulario y nos pondremos en contacto con usted en breve.<\/p>\n","protected":false},"excerpt":{"rendered":"<p>La calidad, el rigor y la precisi\u00f3n de los equipos de Barcelbal le permiten gestionar su empresa de forma eficiente y eficaz.\u00a0En Barcelbal ofrecemos soluciones innovadoras y personalizadas de acuerdo a sus necesidades. Rellene el formulario y nos pondremos en contacto con usted en breve.<\/p>\n","protected":false},"author":1,"featured_media":2898,"parent":0,"menu_order":0,"comment_status":"closed","ping_status":"closed","template":"page-formulario.php","meta":{"_acf_changed":false,"inline_featured_image":false,"footnotes":""},"class_list":["post-4179","page","type-page","status-publish","has-post-thumbnail","hentry"],"acf":[],"yoast_head":"<!-- This site is optimized with the Yoast SEO plugin v27.4 - https:\/\/yoast.com\/product\/yoast-seo-wordpress\/ -->\n<title>Pedido de presupuesto | Barcelbal<\/title>\n<meta name=\"description\" content=\"Request your free quote now. Fill out the form or contact us +351 253 606 590 or geral@barcelbal.com.\" \/>\n<meta name=\"robots\" content=\"index, follow, max-snippet:-1, max-image-preview:large, max-video-preview:-1\" \/>\n<link rel=\"canonical\" href=\"https:\/\/barcelbal.com\/es\/pedido-de-presupuesto\/\" \/>\n<meta property=\"og:locale\" content=\"es_ES\" \/>\n<meta property=\"og:type\" content=\"article\" \/>\n<meta property=\"og:title\" content=\"Pedido de presupuesto Barcelbal\" \/>\n<meta property=\"og:description\" content=\"Pe\u00e7a j\u00e1 o seu or\u00e7amento gratuito e sem compromissos. Preencha o formul\u00e1rio ou entre em contacto atrav\u00e9s de 253606590 ou geral@barcelbal.com.\" \/>\n<meta property=\"og:url\" content=\"https:\/\/barcelbal.com\/es\/pedido-de-presupuesto\/\" \/>\n<meta property=\"og:site_name\" content=\"Barcelbal\" \/>\n<meta property=\"article:publisher\" content=\"https:\/\/www.facebook.com\/barcelbal\/\" \/>\n<meta property=\"article:modified_time\" content=\"2025-01-24T11:17:54+00:00\" \/>\n<meta property=\"og:image\" content=\"https:\/\/barcelbal.com\/wp-content\/uploads\/2021\/07\/Pedido_Orcamento_Barcelbal.jpg\" \/>\n\t<meta property=\"og:image:width\" content=\"1920\" \/>\n\t<meta property=\"og:image:height\" content=\"1080\" \/>\n\t<meta property=\"og:image:type\" content=\"image\/jpeg\" \/>\n<meta name=\"twitter:card\" content=\"summary_large_image\" \/>\n<meta name=\"twitter:title\" content=\"Pedido de presupuesto Barcelbal\" \/>\n<meta name=\"twitter:description\" content=\"Pe\u00e7a j\u00e1 o seu or\u00e7amento gratuito e sem compromissos. Preencha o formul\u00e1rio ou entre em contacto atrav\u00e9s de 253606590 ou geral@barcelbal.com.\" \/>\n<meta name=\"twitter:image\" content=\"https:\/\/barcelbal.com\/wp-content\/uploads\/2021\/07\/Pedido_Orcamento_Barcelbal.jpg\" \/>\n<meta name=\"twitter:label1\" content=\"Tiempo de lectura\" \/>\n\t<meta name=\"twitter:data1\" content=\"1 minuto\" \/>\n<script type=\"application\/ld+json\" class=\"yoast-schema-graph\">{\"@context\":\"https:\\\/\\\/schema.org\",\"@graph\":[{\"@type\":\"WebPage\",\"@id\":\"https:\\\/\\\/barcelbal.com\\\/es\\\/pedido-de-presupuesto\\\/\",\"url\":\"https:\\\/\\\/barcelbal.com\\\/es\\\/pedido-de-presupuesto\\\/\",\"name\":\"Pedido de presupuesto | Barcelbal\",\"isPartOf\":{\"@id\":\"https:\\\/\\\/barcelbal.com\\\/#website\"},\"primaryImageOfPage\":{\"@id\":\"https:\\\/\\\/barcelbal.com\\\/es\\\/pedido-de-presupuesto\\\/#primaryimage\"},\"image\":{\"@id\":\"https:\\\/\\\/barcelbal.com\\\/es\\\/pedido-de-presupuesto\\\/#primaryimage\"},\"thumbnailUrl\":\"https:\\\/\\\/barcelbal.com\\\/wp-content\\\/uploads\\\/2021\\\/07\\\/Pedido_Orcamento_Barcelbal.jpg\",\"datePublished\":\"2021-06-16T11:04:03+00:00\",\"dateModified\":\"2025-01-24T11:17:54+00:00\",\"description\":\"Request your free quote now. Fill out the form or contact us +351 253 606 590 or geral@barcelbal.com.\",\"breadcrumb\":{\"@id\":\"https:\\\/\\\/barcelbal.com\\\/es\\\/pedido-de-presupuesto\\\/#breadcrumb\"},\"inLanguage\":\"es\",\"potentialAction\":[{\"@type\":\"ReadAction\",\"target\":[\"https:\\\/\\\/barcelbal.com\\\/es\\\/pedido-de-presupuesto\\\/\"]}]},{\"@type\":\"ImageObject\",\"inLanguage\":\"es\",\"@id\":\"https:\\\/\\\/barcelbal.com\\\/es\\\/pedido-de-presupuesto\\\/#primaryimage\",\"url\":\"https:\\\/\\\/barcelbal.com\\\/wp-content\\\/uploads\\\/2021\\\/07\\\/Pedido_Orcamento_Barcelbal.jpg\",\"contentUrl\":\"https:\\\/\\\/barcelbal.com\\\/wp-content\\\/uploads\\\/2021\\\/07\\\/Pedido_Orcamento_Barcelbal.jpg\",\"width\":1920,\"height\":1080},{\"@type\":\"BreadcrumbList\",\"@id\":\"https:\\\/\\\/barcelbal.com\\\/es\\\/pedido-de-presupuesto\\\/#breadcrumb\",\"itemListElement\":[{\"@type\":\"ListItem\",\"position\":1,\"name\":\"In\u00edcio\",\"item\":\"https:\\\/\\\/barcelbal.com\\\/es\\\/\"},{\"@type\":\"ListItem\",\"position\":2,\"name\":\"Pedido de presupuesto\"}]},{\"@type\":\"WebSite\",\"@id\":\"https:\\\/\\\/barcelbal.com\\\/#website\",\"url\":\"https:\\\/\\\/barcelbal.com\\\/\",\"name\":\"Barcelbal\",\"description\":\"Sistemas de pesagem, balan\u00e7as e b\u00e1sculas\",\"potentialAction\":[{\"@type\":\"SearchAction\",\"target\":{\"@type\":\"EntryPoint\",\"urlTemplate\":\"https:\\\/\\\/barcelbal.com\\\/?s={search_term_string}\"},\"query-input\":{\"@type\":\"PropertyValueSpecification\",\"valueRequired\":true,\"valueName\":\"search_term_string\"}}],\"inLanguage\":\"es\"}]}<\/script>\n<!-- \/ Yoast SEO plugin. -->","yoast_head_json":{"title":"Pedido de presupuesto | Barcelbal","description":"Request your free quote now. Fill out the form or contact us +351 253 606 590 or geral@barcelbal.com.","robots":{"index":"index","follow":"follow","max-snippet":"max-snippet:-1","max-image-preview":"max-image-preview:large","max-video-preview":"max-video-preview:-1"},"canonical":"https:\/\/barcelbal.com\/es\/pedido-de-presupuesto\/","og_locale":"es_ES","og_type":"article","og_title":"Pedido de presupuesto Barcelbal","og_description":"Pe\u00e7a j\u00e1 o seu or\u00e7amento gratuito e sem compromissos. Preencha o formul\u00e1rio ou entre em contacto atrav\u00e9s de 253606590 ou geral@barcelbal.com.","og_url":"https:\/\/barcelbal.com\/es\/pedido-de-presupuesto\/","og_site_name":"Barcelbal","article_publisher":"https:\/\/www.facebook.com\/barcelbal\/","article_modified_time":"2025-01-24T11:17:54+00:00","og_image":[{"width":1920,"height":1080,"url":"https:\/\/barcelbal.com\/wp-content\/uploads\/2021\/07\/Pedido_Orcamento_Barcelbal.jpg","type":"image\/jpeg"}],"twitter_card":"summary_large_image","twitter_title":"Pedido de presupuesto Barcelbal","twitter_description":"Pe\u00e7a j\u00e1 o seu or\u00e7amento gratuito e sem compromissos. Preencha o formul\u00e1rio ou entre em contacto atrav\u00e9s de 253606590 ou geral@barcelbal.com.","twitter_image":"https:\/\/barcelbal.com\/wp-content\/uploads\/2021\/07\/Pedido_Orcamento_Barcelbal.jpg","twitter_misc":{"Tiempo de lectura":"1 minuto"},"schema":{"@context":"https:\/\/schema.org","@graph":[{"@type":"WebPage","@id":"https:\/\/barcelbal.com\/es\/pedido-de-presupuesto\/","url":"https:\/\/barcelbal.com\/es\/pedido-de-presupuesto\/","name":"Pedido de presupuesto | Barcelbal","isPartOf":{"@id":"https:\/\/barcelbal.com\/#website"},"primaryImageOfPage":{"@id":"https:\/\/barcelbal.com\/es\/pedido-de-presupuesto\/#primaryimage"},"image":{"@id":"https:\/\/barcelbal.com\/es\/pedido-de-presupuesto\/#primaryimage"},"thumbnailUrl":"https:\/\/barcelbal.com\/wp-content\/uploads\/2021\/07\/Pedido_Orcamento_Barcelbal.jpg","datePublished":"2021-06-16T11:04:03+00:00","dateModified":"2025-01-24T11:17:54+00:00","description":"Request your free quote now. Fill out the form or contact us +351 253 606 590 or geral@barcelbal.com.","breadcrumb":{"@id":"https:\/\/barcelbal.com\/es\/pedido-de-presupuesto\/#breadcrumb"},"inLanguage":"es","potentialAction":[{"@type":"ReadAction","target":["https:\/\/barcelbal.com\/es\/pedido-de-presupuesto\/"]}]},{"@type":"ImageObject","inLanguage":"es","@id":"https:\/\/barcelbal.com\/es\/pedido-de-presupuesto\/#primaryimage","url":"https:\/\/barcelbal.com\/wp-content\/uploads\/2021\/07\/Pedido_Orcamento_Barcelbal.jpg","contentUrl":"https:\/\/barcelbal.com\/wp-content\/uploads\/2021\/07\/Pedido_Orcamento_Barcelbal.jpg","width":1920,"height":1080},{"@type":"BreadcrumbList","@id":"https:\/\/barcelbal.com\/es\/pedido-de-presupuesto\/#breadcrumb","itemListElement":[{"@type":"ListItem","position":1,"name":"In\u00edcio","item":"https:\/\/barcelbal.com\/es\/"},{"@type":"ListItem","position":2,"name":"Pedido de presupuesto"}]},{"@type":"WebSite","@id":"https:\/\/barcelbal.com\/#website","url":"https:\/\/barcelbal.com\/","name":"Barcelbal","description":"Sistemas de pesagem, balan\u00e7as e b\u00e1sculas","potentialAction":[{"@type":"SearchAction","target":{"@type":"EntryPoint","urlTemplate":"https:\/\/barcelbal.com\/?s={search_term_string}"},"query-input":{"@type":"PropertyValueSpecification","valueRequired":true,"valueName":"search_term_string"}}],"inLanguage":"es"}]}},"_links":{"self":[{"href":"https:\/\/barcelbal.com\/es\/wp-json\/wp\/v2\/pages\/4179","targetHints":{"allow":["GET"]}}],"collection":[{"href":"https:\/\/barcelbal.com\/es\/wp-json\/wp\/v2\/pages"}],"about":[{"href":"https:\/\/barcelbal.com\/es\/wp-json\/wp\/v2\/types\/page"}],"author":[{"embeddable":true,"href":"https:\/\/barcelbal.com\/es\/wp-json\/wp\/v2\/users\/1"}],"replies":[{"embeddable":true,"href":"https:\/\/barcelbal.com\/es\/wp-json\/wp\/v2\/comments?post=4179"}],"version-history":[{"count":2,"href":"https:\/\/barcelbal.com\/es\/wp-json\/wp\/v2\/pages\/4179\/revisions"}],"predecessor-version":[{"id":4181,"href":"https:\/\/barcelbal.com\/es\/wp-json\/wp\/v2\/pages\/4179\/revisions\/4181"}],"wp:featuredmedia":[{"embeddable":true,"href":"https:\/\/barcelbal.com\/es\/wp-json\/wp\/v2\/media\/2898"}],"wp:attachment":[{"href":"https:\/\/barcelbal.com\/es\/wp-json\/wp\/v2\/media?parent=4179"}],"curies":[{"name":"wp","href":"https:\/\/api.w.org\/{rel}","templated":true}]}}