{"id":9267,"date":"2022-05-09T14:12:29","date_gmt":"2022-05-09T14:12:29","guid":{"rendered":"https:\/\/barcelbal.com\/a-barcelbal\/"},"modified":"2025-12-03T11:10:09","modified_gmt":"2025-12-03T11:10:09","slug":"a-barcelbal","status":"publish","type":"page","link":"https:\/\/barcelbal.com\/es\/a-barcelbal\/","title":{"rendered":"A Barcelbal"},"content":{"rendered":"<p>Barcelbal inici\u00f3 su actividad en la Industria del Pesaje en los a\u00f1os 80. Con 38 a\u00f1os de actividad, presentamos una estructura organizativa s\u00f3lida, competente y profesional.<\/p>\n<p>Somos una empresa que se adapta a los cambios del mercado a trav\u00e9s de la inversi\u00f3n continua en las \u00e1reas de calidad, tecnolog\u00eda, investigaci\u00f3n e innovaci\u00f3n. Adem\u00e1s de ser especialistas en el desarrollo, fabricaci\u00f3n de equipos de pesaje y mantenimiento de todo tipo y marcas de balanzas, aplicamos la tecnolog\u00eda al sector del pesaje industrial para una mayor competitividad de nuestros clientes.<\/p>\n<p>Trabajamos junto a nuestros clientes, a trav\u00e9s de la personalizaci\u00f3n y personalizaci\u00f3n de nuestros productos, para encontrar la mejor soluci\u00f3n para su empresa.<\/p>\n<p>&nbsp;<\/p>\n","protected":false},"excerpt":{"rendered":"<p>Barcelbal inici\u00f3 su actividad en la Industria del Pesaje en los a\u00f1os 80. Con 38 a\u00f1os de actividad, presentamos una estructura organizativa s\u00f3lida, competente y profesional. Somos una empresa que se adapta a los cambios del mercado a trav\u00e9s de la inversi\u00f3n continua en las \u00e1reas de calidad, tecnolog\u00eda, investigaci\u00f3n e innovaci\u00f3n. Adem\u00e1s de ser [&hellip;]<\/p>\n","protected":false},"author":1,"featured_media":3475,"parent":0,"menu_order":0,"comment_status":"closed","ping_status":"closed","template":"page-about2.php","meta":{"_acf_changed":false,"inline_featured_image":false,"footnotes":""},"class_list":["post-9267","page","type-page","status-publish","has-post-thumbnail","hentry"],"acf":[],"yoast_head":"<!-- This site is optimized with the Yoast SEO plugin v27.4 - https:\/\/yoast.com\/product\/yoast-seo-wordpress\/ -->\n<title>A Barcelbal | Barcelbal<\/title>\n<meta name=\"description\" content=\"Con 38 a\u00f1os de actividad, contamos con una estructura organizativa s\u00f3lida, competente y profesional. \u00a138 a\u00f1os pesando juntos!\" \/>\n<meta name=\"robots\" content=\"index, follow, max-snippet:-1, max-image-preview:large, max-video-preview:-1\" \/>\n<link rel=\"canonical\" href=\"https:\/\/barcelbal.com\/es\/a-barcelbal\/\" \/>\n<meta property=\"og:locale\" content=\"es_ES\" \/>\n<meta property=\"og:type\" content=\"article\" \/>\n<meta property=\"og:title\" content=\"A Barcelbal Barcelbal\" \/>\n<meta property=\"og:description\" content=\"Con 38 a\u00f1os de actividad, contamos con una estructura organizativa s\u00f3lida, competente y profesional. \u00a138 a\u00f1os pesando juntos!\" \/>\n<meta property=\"og:url\" content=\"https:\/\/barcelbal.com\/es\/a-barcelbal\/\" \/>\n<meta property=\"og:site_name\" content=\"Barcelbal\" \/>\n<meta property=\"article:publisher\" content=\"https:\/\/www.facebook.com\/barcelbal\/\" \/>\n<meta property=\"article:modified_time\" content=\"2025-12-03T11:10:09+00:00\" \/>\n<meta property=\"og:image\" content=\"https:\/\/barcelbal.com\/wp-content\/uploads\/2022\/07\/1987_3_Instalacao_Primeira_Balanca_Analogica.jpg\" \/>\n\t<meta property=\"og:image:width\" content=\"1920\" \/>\n\t<meta property=\"og:image:height\" content=\"1080\" \/>\n\t<meta property=\"og:image:type\" content=\"image\/jpeg\" \/>\n<meta name=\"twitter:card\" content=\"summary_large_image\" \/>\n<meta name=\"twitter:title\" content=\"A Barcelbal Barcelbal\" \/>\n<meta name=\"twitter:description\" content=\"Com 35 anos de atividade, apresentamos uma estrutura organizacional s\u00f3lida, competente e profissional. 35 anos a pesar juntos!\" \/>\n<meta name=\"twitter:image\" content=\"https:\/\/barcelbal.com\/wp-content\/uploads\/2022\/07\/1987_3_Instalacao_Primeira_Balanca_Analogica.jpg\" \/>\n<meta name=\"twitter:label1\" content=\"Tiempo de lectura\" \/>\n\t<meta name=\"twitter:data1\" content=\"1 minuto\" \/>\n<script type=\"application\/ld+json\" class=\"yoast-schema-graph\">{\"@context\":\"https:\\\/\\\/schema.org\",\"@graph\":[{\"@type\":\"WebPage\",\"@id\":\"https:\\\/\\\/barcelbal.com\\\/es\\\/a-barcelbal\\\/\",\"url\":\"https:\\\/\\\/barcelbal.com\\\/es\\\/a-barcelbal\\\/\",\"name\":\"A Barcelbal | Barcelbal\",\"isPartOf\":{\"@id\":\"https:\\\/\\\/barcelbal.com\\\/#website\"},\"primaryImageOfPage\":{\"@id\":\"https:\\\/\\\/barcelbal.com\\\/es\\\/a-barcelbal\\\/#primaryimage\"},\"image\":{\"@id\":\"https:\\\/\\\/barcelbal.com\\\/es\\\/a-barcelbal\\\/#primaryimage\"},\"thumbnailUrl\":\"https:\\\/\\\/barcelbal.com\\\/wp-content\\\/uploads\\\/2022\\\/07\\\/1987_3_Instalacao_Primeira_Balanca_Analogica.jpg\",\"datePublished\":\"2022-05-09T14:12:29+00:00\",\"dateModified\":\"2025-12-03T11:10:09+00:00\",\"description\":\"Con 38 a\u00f1os de actividad, contamos con una estructura organizativa s\u00f3lida, competente y profesional. \u00a138 a\u00f1os pesando juntos!\",\"breadcrumb\":{\"@id\":\"https:\\\/\\\/barcelbal.com\\\/es\\\/a-barcelbal\\\/#breadcrumb\"},\"inLanguage\":\"es\",\"potentialAction\":[{\"@type\":\"ReadAction\",\"target\":[\"https:\\\/\\\/barcelbal.com\\\/es\\\/a-barcelbal\\\/\"]}]},{\"@type\":\"ImageObject\",\"inLanguage\":\"es\",\"@id\":\"https:\\\/\\\/barcelbal.com\\\/es\\\/a-barcelbal\\\/#primaryimage\",\"url\":\"https:\\\/\\\/barcelbal.com\\\/wp-content\\\/uploads\\\/2022\\\/07\\\/1987_3_Instalacao_Primeira_Balanca_Analogica.jpg\",\"contentUrl\":\"https:\\\/\\\/barcelbal.com\\\/wp-content\\\/uploads\\\/2022\\\/07\\\/1987_3_Instalacao_Primeira_Balanca_Analogica.jpg\",\"width\":1920,\"height\":1080},{\"@type\":\"BreadcrumbList\",\"@id\":\"https:\\\/\\\/barcelbal.com\\\/es\\\/a-barcelbal\\\/#breadcrumb\",\"itemListElement\":[{\"@type\":\"ListItem\",\"position\":1,\"name\":\"In\u00edcio\",\"item\":\"https:\\\/\\\/barcelbal.com\\\/es\\\/\"},{\"@type\":\"ListItem\",\"position\":2,\"name\":\"A Barcelbal\"}]},{\"@type\":\"WebSite\",\"@id\":\"https:\\\/\\\/barcelbal.com\\\/#website\",\"url\":\"https:\\\/\\\/barcelbal.com\\\/\",\"name\":\"Barcelbal\",\"description\":\"Sistemas de pesagem, balan\u00e7as e b\u00e1sculas\",\"potentialAction\":[{\"@type\":\"SearchAction\",\"target\":{\"@type\":\"EntryPoint\",\"urlTemplate\":\"https:\\\/\\\/barcelbal.com\\\/?s={search_term_string}\"},\"query-input\":{\"@type\":\"PropertyValueSpecification\",\"valueRequired\":true,\"valueName\":\"search_term_string\"}}],\"inLanguage\":\"es\"}]}<\/script>\n<!-- \/ Yoast SEO plugin. -->","yoast_head_json":{"title":"A Barcelbal | Barcelbal","description":"Con 38 a\u00f1os de actividad, contamos con una estructura organizativa s\u00f3lida, competente y profesional. \u00a138 a\u00f1os pesando juntos!","robots":{"index":"index","follow":"follow","max-snippet":"max-snippet:-1","max-image-preview":"max-image-preview:large","max-video-preview":"max-video-preview:-1"},"canonical":"https:\/\/barcelbal.com\/es\/a-barcelbal\/","og_locale":"es_ES","og_type":"article","og_title":"A Barcelbal Barcelbal","og_description":"Con 38 a\u00f1os de actividad, contamos con una estructura organizativa s\u00f3lida, competente y profesional. \u00a138 a\u00f1os pesando juntos!","og_url":"https:\/\/barcelbal.com\/es\/a-barcelbal\/","og_site_name":"Barcelbal","article_publisher":"https:\/\/www.facebook.com\/barcelbal\/","article_modified_time":"2025-12-03T11:10:09+00:00","og_image":[{"width":1920,"height":1080,"url":"https:\/\/barcelbal.com\/wp-content\/uploads\/2022\/07\/1987_3_Instalacao_Primeira_Balanca_Analogica.jpg","type":"image\/jpeg"}],"twitter_card":"summary_large_image","twitter_title":"A Barcelbal Barcelbal","twitter_description":"Com 35 anos de atividade, apresentamos uma estrutura organizacional s\u00f3lida, competente e profissional. 35 anos a pesar juntos!","twitter_image":"https:\/\/barcelbal.com\/wp-content\/uploads\/2022\/07\/1987_3_Instalacao_Primeira_Balanca_Analogica.jpg","twitter_misc":{"Tiempo de lectura":"1 minuto"},"schema":{"@context":"https:\/\/schema.org","@graph":[{"@type":"WebPage","@id":"https:\/\/barcelbal.com\/es\/a-barcelbal\/","url":"https:\/\/barcelbal.com\/es\/a-barcelbal\/","name":"A Barcelbal | Barcelbal","isPartOf":{"@id":"https:\/\/barcelbal.com\/#website"},"primaryImageOfPage":{"@id":"https:\/\/barcelbal.com\/es\/a-barcelbal\/#primaryimage"},"image":{"@id":"https:\/\/barcelbal.com\/es\/a-barcelbal\/#primaryimage"},"thumbnailUrl":"https:\/\/barcelbal.com\/wp-content\/uploads\/2022\/07\/1987_3_Instalacao_Primeira_Balanca_Analogica.jpg","datePublished":"2022-05-09T14:12:29+00:00","dateModified":"2025-12-03T11:10:09+00:00","description":"Con 38 a\u00f1os de actividad, contamos con una estructura organizativa s\u00f3lida, competente y profesional. \u00a138 a\u00f1os pesando juntos!","breadcrumb":{"@id":"https:\/\/barcelbal.com\/es\/a-barcelbal\/#breadcrumb"},"inLanguage":"es","potentialAction":[{"@type":"ReadAction","target":["https:\/\/barcelbal.com\/es\/a-barcelbal\/"]}]},{"@type":"ImageObject","inLanguage":"es","@id":"https:\/\/barcelbal.com\/es\/a-barcelbal\/#primaryimage","url":"https:\/\/barcelbal.com\/wp-content\/uploads\/2022\/07\/1987_3_Instalacao_Primeira_Balanca_Analogica.jpg","contentUrl":"https:\/\/barcelbal.com\/wp-content\/uploads\/2022\/07\/1987_3_Instalacao_Primeira_Balanca_Analogica.jpg","width":1920,"height":1080},{"@type":"BreadcrumbList","@id":"https:\/\/barcelbal.com\/es\/a-barcelbal\/#breadcrumb","itemListElement":[{"@type":"ListItem","position":1,"name":"In\u00edcio","item":"https:\/\/barcelbal.com\/es\/"},{"@type":"ListItem","position":2,"name":"A Barcelbal"}]},{"@type":"WebSite","@id":"https:\/\/barcelbal.com\/#website","url":"https:\/\/barcelbal.com\/","name":"Barcelbal","description":"Sistemas de pesagem, balan\u00e7as e b\u00e1sculas","potentialAction":[{"@type":"SearchAction","target":{"@type":"EntryPoint","urlTemplate":"https:\/\/barcelbal.com\/?s={search_term_string}"},"query-input":{"@type":"PropertyValueSpecification","valueRequired":true,"valueName":"search_term_string"}}],"inLanguage":"es"}]}},"_links":{"self":[{"href":"https:\/\/barcelbal.com\/es\/wp-json\/wp\/v2\/pages\/9267","targetHints":{"allow":["GET"]}}],"collection":[{"href":"https:\/\/barcelbal.com\/es\/wp-json\/wp\/v2\/pages"}],"about":[{"href":"https:\/\/barcelbal.com\/es\/wp-json\/wp\/v2\/types\/page"}],"author":[{"embeddable":true,"href":"https:\/\/barcelbal.com\/es\/wp-json\/wp\/v2\/users\/1"}],"replies":[{"embeddable":true,"href":"https:\/\/barcelbal.com\/es\/wp-json\/wp\/v2\/comments?post=9267"}],"version-history":[{"count":4,"href":"https:\/\/barcelbal.com\/es\/wp-json\/wp\/v2\/pages\/9267\/revisions"}],"predecessor-version":[{"id":10792,"href":"https:\/\/barcelbal.com\/es\/wp-json\/wp\/v2\/pages\/9267\/revisions\/10792"}],"wp:featuredmedia":[{"embeddable":true,"href":"https:\/\/barcelbal.com\/es\/wp-json\/wp\/v2\/media\/3475"}],"wp:attachment":[{"href":"https:\/\/barcelbal.com\/es\/wp-json\/wp\/v2\/media?parent=9267"}],"curies":[{"name":"wp","href":"https:\/\/api.w.org\/{rel}","templated":true}]}}