{"id":9315,"date":"2023-12-13T16:47:43","date_gmt":"2023-12-13T16:47:43","guid":{"rendered":"https:\/\/barcelbal.com\/testemunhos\/"},"modified":"2025-10-27T17:20:28","modified_gmt":"2025-10-27T17:20:28","slug":"testimonios","status":"publish","type":"page","link":"https:\/\/barcelbal.com\/es\/testimonios\/","title":{"rendered":"Testimonios"},"content":{"rendered":"","protected":false},"excerpt":{"rendered":"","protected":false},"author":2,"featured_media":7975,"parent":0,"menu_order":0,"comment_status":"closed","ping_status":"closed","template":"page-testemunhos.php","meta":{"_acf_changed":false,"inline_featured_image":false,"footnotes":""},"class_list":["post-9315","page","type-page","status-publish","has-post-thumbnail","hentry"],"acf":[],"yoast_head":"<!-- This site is optimized with the Yoast SEO plugin v27.4 - https:\/\/yoast.com\/product\/yoast-seo-wordpress\/ -->\n<title>Testimonios | Barcelbal<\/title>\n<meta name=\"description\" content=\"Descubra lo que nuestros clientes dicen de nosotros 38 a\u00f1os trabajando juntos. El \u00e9xito de nuestros clientes es nuestro \u00e9xito.\" \/>\n<meta name=\"robots\" content=\"index, follow, max-snippet:-1, max-image-preview:large, max-video-preview:-1\" \/>\n<link rel=\"canonical\" href=\"https:\/\/barcelbal.com\/es\/testimonios\/\" \/>\n<meta property=\"og:locale\" content=\"es_ES\" \/>\n<meta property=\"og:type\" content=\"article\" \/>\n<meta property=\"og:title\" content=\"Testimonios | Barcelbal\" \/>\n<meta property=\"og:description\" content=\"Descubra o que os nossos clientes dizem sobre n\u00f3s! 38 anos a pesar juntos. O sucesso dos nossos clientes, \u00e9 o nosso sucesso!\" \/>\n<meta property=\"og:url\" content=\"https:\/\/barcelbal.com\/es\/testimonios\/\" \/>\n<meta property=\"og:site_name\" content=\"Barcelbal\" \/>\n<meta property=\"article:publisher\" content=\"https:\/\/www.facebook.com\/barcelbal\/\" \/>\n<meta property=\"article:modified_time\" content=\"2025-10-27T17:20:28+00:00\" \/>\n<meta property=\"og:image\" content=\"https:\/\/barcelbal.com\/wp-content\/uploads\/2024\/01\/Testemunhos_Barcelbal.jpg\" \/>\n\t<meta property=\"og:image:width\" content=\"1440\" \/>\n\t<meta property=\"og:image:height\" content=\"808\" \/>\n\t<meta property=\"og:image:type\" content=\"image\/jpeg\" \/>\n<meta name=\"twitter:card\" content=\"summary_large_image\" \/>\n<meta name=\"twitter:title\" content=\"Testimonios | Barcelbal\" \/>\n<meta name=\"twitter:description\" content=\"Descubra o que os nossos clientes dizem sobre n\u00f3s! 35 anos a pesar juntos. O sucesso dos nossos clientes, \u00e9 o nosso sucesso!\" \/>\n<meta name=\"twitter:image\" content=\"https:\/\/barcelbal.com\/wp-content\/uploads\/2024\/01\/Testemunhos_Barcelbal.jpg\" \/>\n<meta name=\"twitter:label1\" content=\"Tiempo de lectura\" \/>\n\t<meta name=\"twitter:data1\" content=\"1 minuto\" \/>\n<script type=\"application\/ld+json\" class=\"yoast-schema-graph\">{\"@context\":\"https:\\\/\\\/schema.org\",\"@graph\":[{\"@type\":\"WebPage\",\"@id\":\"https:\\\/\\\/barcelbal.com\\\/es\\\/testimonios\\\/\",\"url\":\"https:\\\/\\\/barcelbal.com\\\/es\\\/testimonios\\\/\",\"name\":\"Testimonios | Barcelbal\",\"isPartOf\":{\"@id\":\"https:\\\/\\\/barcelbal.com\\\/#website\"},\"primaryImageOfPage\":{\"@id\":\"https:\\\/\\\/barcelbal.com\\\/es\\\/testimonios\\\/#primaryimage\"},\"image\":{\"@id\":\"https:\\\/\\\/barcelbal.com\\\/es\\\/testimonios\\\/#primaryimage\"},\"thumbnailUrl\":\"https:\\\/\\\/barcelbal.com\\\/wp-content\\\/uploads\\\/2024\\\/01\\\/Testemunhos_Barcelbal.jpg\",\"datePublished\":\"2023-12-13T16:47:43+00:00\",\"dateModified\":\"2025-10-27T17:20:28+00:00\",\"description\":\"Descubra lo que nuestros clientes dicen de nosotros 38 a\u00f1os trabajando juntos. El \u00e9xito de nuestros clientes es nuestro \u00e9xito.\",\"breadcrumb\":{\"@id\":\"https:\\\/\\\/barcelbal.com\\\/es\\\/testimonios\\\/#breadcrumb\"},\"inLanguage\":\"es\",\"potentialAction\":[{\"@type\":\"ReadAction\",\"target\":[\"https:\\\/\\\/barcelbal.com\\\/es\\\/testimonios\\\/\"]}]},{\"@type\":\"ImageObject\",\"inLanguage\":\"es\",\"@id\":\"https:\\\/\\\/barcelbal.com\\\/es\\\/testimonios\\\/#primaryimage\",\"url\":\"https:\\\/\\\/barcelbal.com\\\/wp-content\\\/uploads\\\/2024\\\/01\\\/Testemunhos_Barcelbal.jpg\",\"contentUrl\":\"https:\\\/\\\/barcelbal.com\\\/wp-content\\\/uploads\\\/2024\\\/01\\\/Testemunhos_Barcelbal.jpg\",\"width\":1440,\"height\":808,\"caption\":\"Testemunhos Clientes Barcelbal\"},{\"@type\":\"BreadcrumbList\",\"@id\":\"https:\\\/\\\/barcelbal.com\\\/es\\\/testimonios\\\/#breadcrumb\",\"itemListElement\":[{\"@type\":\"ListItem\",\"position\":1,\"name\":\"In\u00edcio\",\"item\":\"https:\\\/\\\/barcelbal.com\\\/es\\\/\"},{\"@type\":\"ListItem\",\"position\":2,\"name\":\"Testimonios\"}]},{\"@type\":\"WebSite\",\"@id\":\"https:\\\/\\\/barcelbal.com\\\/#website\",\"url\":\"https:\\\/\\\/barcelbal.com\\\/\",\"name\":\"Barcelbal\",\"description\":\"Sistemas de pesagem, balan\u00e7as e b\u00e1sculas\",\"potentialAction\":[{\"@type\":\"SearchAction\",\"target\":{\"@type\":\"EntryPoint\",\"urlTemplate\":\"https:\\\/\\\/barcelbal.com\\\/?s={search_term_string}\"},\"query-input\":{\"@type\":\"PropertyValueSpecification\",\"valueRequired\":true,\"valueName\":\"search_term_string\"}}],\"inLanguage\":\"es\"}]}<\/script>\n<!-- \/ Yoast SEO plugin. -->","yoast_head_json":{"title":"Testimonios | Barcelbal","description":"Descubra lo que nuestros clientes dicen de nosotros 38 a\u00f1os trabajando juntos. El \u00e9xito de nuestros clientes es nuestro \u00e9xito.","robots":{"index":"index","follow":"follow","max-snippet":"max-snippet:-1","max-image-preview":"max-image-preview:large","max-video-preview":"max-video-preview:-1"},"canonical":"https:\/\/barcelbal.com\/es\/testimonios\/","og_locale":"es_ES","og_type":"article","og_title":"Testimonios | Barcelbal","og_description":"Descubra o que os nossos clientes dizem sobre n\u00f3s! 38 anos a pesar juntos. O sucesso dos nossos clientes, \u00e9 o nosso sucesso!","og_url":"https:\/\/barcelbal.com\/es\/testimonios\/","og_site_name":"Barcelbal","article_publisher":"https:\/\/www.facebook.com\/barcelbal\/","article_modified_time":"2025-10-27T17:20:28+00:00","og_image":[{"width":1440,"height":808,"url":"https:\/\/barcelbal.com\/wp-content\/uploads\/2024\/01\/Testemunhos_Barcelbal.jpg","type":"image\/jpeg"}],"twitter_card":"summary_large_image","twitter_title":"Testimonios | Barcelbal","twitter_description":"Descubra o que os nossos clientes dizem sobre n\u00f3s! 35 anos a pesar juntos. O sucesso dos nossos clientes, \u00e9 o nosso sucesso!","twitter_image":"https:\/\/barcelbal.com\/wp-content\/uploads\/2024\/01\/Testemunhos_Barcelbal.jpg","twitter_misc":{"Tiempo de lectura":"1 minuto"},"schema":{"@context":"https:\/\/schema.org","@graph":[{"@type":"WebPage","@id":"https:\/\/barcelbal.com\/es\/testimonios\/","url":"https:\/\/barcelbal.com\/es\/testimonios\/","name":"Testimonios | Barcelbal","isPartOf":{"@id":"https:\/\/barcelbal.com\/#website"},"primaryImageOfPage":{"@id":"https:\/\/barcelbal.com\/es\/testimonios\/#primaryimage"},"image":{"@id":"https:\/\/barcelbal.com\/es\/testimonios\/#primaryimage"},"thumbnailUrl":"https:\/\/barcelbal.com\/wp-content\/uploads\/2024\/01\/Testemunhos_Barcelbal.jpg","datePublished":"2023-12-13T16:47:43+00:00","dateModified":"2025-10-27T17:20:28+00:00","description":"Descubra lo que nuestros clientes dicen de nosotros 38 a\u00f1os trabajando juntos. El \u00e9xito de nuestros clientes es nuestro \u00e9xito.","breadcrumb":{"@id":"https:\/\/barcelbal.com\/es\/testimonios\/#breadcrumb"},"inLanguage":"es","potentialAction":[{"@type":"ReadAction","target":["https:\/\/barcelbal.com\/es\/testimonios\/"]}]},{"@type":"ImageObject","inLanguage":"es","@id":"https:\/\/barcelbal.com\/es\/testimonios\/#primaryimage","url":"https:\/\/barcelbal.com\/wp-content\/uploads\/2024\/01\/Testemunhos_Barcelbal.jpg","contentUrl":"https:\/\/barcelbal.com\/wp-content\/uploads\/2024\/01\/Testemunhos_Barcelbal.jpg","width":1440,"height":808,"caption":"Testemunhos Clientes Barcelbal"},{"@type":"BreadcrumbList","@id":"https:\/\/barcelbal.com\/es\/testimonios\/#breadcrumb","itemListElement":[{"@type":"ListItem","position":1,"name":"In\u00edcio","item":"https:\/\/barcelbal.com\/es\/"},{"@type":"ListItem","position":2,"name":"Testimonios"}]},{"@type":"WebSite","@id":"https:\/\/barcelbal.com\/#website","url":"https:\/\/barcelbal.com\/","name":"Barcelbal","description":"Sistemas de pesagem, balan\u00e7as e b\u00e1sculas","potentialAction":[{"@type":"SearchAction","target":{"@type":"EntryPoint","urlTemplate":"https:\/\/barcelbal.com\/?s={search_term_string}"},"query-input":{"@type":"PropertyValueSpecification","valueRequired":true,"valueName":"search_term_string"}}],"inLanguage":"es"}]}},"_links":{"self":[{"href":"https:\/\/barcelbal.com\/es\/wp-json\/wp\/v2\/pages\/9315","targetHints":{"allow":["GET"]}}],"collection":[{"href":"https:\/\/barcelbal.com\/es\/wp-json\/wp\/v2\/pages"}],"about":[{"href":"https:\/\/barcelbal.com\/es\/wp-json\/wp\/v2\/types\/page"}],"author":[{"embeddable":true,"href":"https:\/\/barcelbal.com\/es\/wp-json\/wp\/v2\/users\/2"}],"replies":[{"embeddable":true,"href":"https:\/\/barcelbal.com\/es\/wp-json\/wp\/v2\/comments?post=9315"}],"version-history":[{"count":4,"href":"https:\/\/barcelbal.com\/es\/wp-json\/wp\/v2\/pages\/9315\/revisions"}],"predecessor-version":[{"id":10662,"href":"https:\/\/barcelbal.com\/es\/wp-json\/wp\/v2\/pages\/9315\/revisions\/10662"}],"wp:featuredmedia":[{"embeddable":true,"href":"https:\/\/barcelbal.com\/es\/wp-json\/wp\/v2\/media\/7975"}],"wp:attachment":[{"href":"https:\/\/barcelbal.com\/es\/wp-json\/wp\/v2\/media?parent=9315"}],"curies":[{"name":"wp","href":"https:\/\/api.w.org\/{rel}","templated":true}]}}