{"id":9325,"date":"2023-12-20T16:23:12","date_gmt":"2023-12-20T16:23:12","guid":{"rendered":"https:\/\/barcelbal.com\/area-reservada\/"},"modified":"2025-01-09T12:06:03","modified_gmt":"2025-01-09T12:06:03","slug":"area-reservada","status":"publish","type":"page","link":"https:\/\/barcelbal.com\/es\/area-reservada\/","title":{"rendered":"\u00c1rea Reservada"},"content":{"rendered":"","protected":false},"excerpt":{"rendered":"","protected":false},"author":2,"featured_media":6694,"parent":0,"menu_order":0,"comment_status":"closed","ping_status":"closed","template":"page-login.php","meta":{"_acf_changed":false,"inline_featured_image":false,"footnotes":""},"class_list":["post-9325","page","type-page","status-publish","has-post-thumbnail","hentry"],"acf":[],"yoast_head":"<!-- This site is optimized with the Yoast SEO plugin v27.4 - https:\/\/yoast.com\/product\/yoast-seo-wordpress\/ -->\n<title>\u00c1rea Reservada | Barcelbal<\/title>\n<meta name=\"description\" content=\"\u00a1Bienvenido al \u00e1rea privada de Barcelbal! Acceda a documentos propietarios, documentaci\u00f3n t\u00e9cnica, manuales y materiales de marketing.\" \/>\n<meta name=\"robots\" content=\"index, follow, max-snippet:-1, max-image-preview:large, max-video-preview:-1\" \/>\n<link rel=\"canonical\" href=\"https:\/\/barcelbal.com\/es\/area-reservada\/\" \/>\n<meta property=\"og:locale\" content=\"es_ES\" \/>\n<meta property=\"og:type\" content=\"article\" \/>\n<meta property=\"og:title\" content=\"\u00c1rea Reservada | Barcelbal\" \/>\n<meta property=\"og:description\" content=\"\u00a1Bienvenido al \u00e1rea privada de Barcelbal! Acceda a documentos propietarios, documentaci\u00f3n t\u00e9cnica, manuales y materiales de marketing.\" \/>\n<meta property=\"og:url\" content=\"https:\/\/barcelbal.com\/es\/area-reservada\/\" \/>\n<meta property=\"og:site_name\" content=\"Barcelbal\" \/>\n<meta property=\"article:publisher\" content=\"https:\/\/www.facebook.com\/barcelbal\/\" \/>\n<meta property=\"article:modified_time\" content=\"2025-01-09T12:06:03+00:00\" \/>\n<meta property=\"og:image\" content=\"https:\/\/barcelbal.com\/wp-content\/uploads\/2022\/10\/Bascula_Ponte_Pesa_Camioes_Barcelbal_Enacol_Praia.jpg\" \/>\n\t<meta property=\"og:image:width\" content=\"1320\" \/>\n\t<meta property=\"og:image:height\" content=\"743\" \/>\n\t<meta property=\"og:image:type\" content=\"image\/jpeg\" \/>\n<meta name=\"twitter:card\" content=\"summary_large_image\" \/>\n<meta name=\"twitter:label1\" content=\"Tiempo de lectura\" \/>\n\t<meta name=\"twitter:data1\" content=\"1 minuto\" \/>\n<script type=\"application\/ld+json\" class=\"yoast-schema-graph\">{\"@context\":\"https:\\\/\\\/schema.org\",\"@graph\":[{\"@type\":\"WebPage\",\"@id\":\"https:\\\/\\\/barcelbal.com\\\/es\\\/area-reservada\\\/\",\"url\":\"https:\\\/\\\/barcelbal.com\\\/es\\\/area-reservada\\\/\",\"name\":\"\u00c1rea Reservada | Barcelbal\",\"isPartOf\":{\"@id\":\"https:\\\/\\\/barcelbal.com\\\/#website\"},\"primaryImageOfPage\":{\"@id\":\"https:\\\/\\\/barcelbal.com\\\/es\\\/area-reservada\\\/#primaryimage\"},\"image\":{\"@id\":\"https:\\\/\\\/barcelbal.com\\\/es\\\/area-reservada\\\/#primaryimage\"},\"thumbnailUrl\":\"https:\\\/\\\/barcelbal.com\\\/wp-content\\\/uploads\\\/2022\\\/10\\\/Bascula_Ponte_Pesa_Camioes_Barcelbal_Enacol_Praia.jpg\",\"datePublished\":\"2023-12-20T16:23:12+00:00\",\"dateModified\":\"2025-01-09T12:06:03+00:00\",\"description\":\"\u00a1Bienvenido al \u00e1rea privada de Barcelbal! Acceda a documentos propietarios, documentaci\u00f3n t\u00e9cnica, manuales y materiales de marketing.\",\"breadcrumb\":{\"@id\":\"https:\\\/\\\/barcelbal.com\\\/es\\\/area-reservada\\\/#breadcrumb\"},\"inLanguage\":\"es\",\"potentialAction\":[{\"@type\":\"ReadAction\",\"target\":[\"https:\\\/\\\/barcelbal.com\\\/es\\\/area-reservada\\\/\"]}]},{\"@type\":\"ImageObject\",\"inLanguage\":\"es\",\"@id\":\"https:\\\/\\\/barcelbal.com\\\/es\\\/area-reservada\\\/#primaryimage\",\"url\":\"https:\\\/\\\/barcelbal.com\\\/wp-content\\\/uploads\\\/2022\\\/10\\\/Bascula_Ponte_Pesa_Camioes_Barcelbal_Enacol_Praia.jpg\",\"contentUrl\":\"https:\\\/\\\/barcelbal.com\\\/wp-content\\\/uploads\\\/2022\\\/10\\\/Bascula_Ponte_Pesa_Camioes_Barcelbal_Enacol_Praia.jpg\",\"width\":1320,\"height\":743,\"caption\":\"B\u00e1scula Ponte Pesa Cami\u00f5es Met\u00e1lica instalada na Enacol\"},{\"@type\":\"BreadcrumbList\",\"@id\":\"https:\\\/\\\/barcelbal.com\\\/es\\\/area-reservada\\\/#breadcrumb\",\"itemListElement\":[{\"@type\":\"ListItem\",\"position\":1,\"name\":\"In\u00edcio\",\"item\":\"https:\\\/\\\/barcelbal.com\\\/es\\\/\"},{\"@type\":\"ListItem\",\"position\":2,\"name\":\"\u00c1rea Reservada\"}]},{\"@type\":\"WebSite\",\"@id\":\"https:\\\/\\\/barcelbal.com\\\/#website\",\"url\":\"https:\\\/\\\/barcelbal.com\\\/\",\"name\":\"Barcelbal\",\"description\":\"Sistemas de pesagem, balan\u00e7as e b\u00e1sculas\",\"potentialAction\":[{\"@type\":\"SearchAction\",\"target\":{\"@type\":\"EntryPoint\",\"urlTemplate\":\"https:\\\/\\\/barcelbal.com\\\/?s={search_term_string}\"},\"query-input\":{\"@type\":\"PropertyValueSpecification\",\"valueRequired\":true,\"valueName\":\"search_term_string\"}}],\"inLanguage\":\"es\"}]}<\/script>\n<!-- \/ Yoast SEO plugin. -->","yoast_head_json":{"title":"\u00c1rea Reservada | Barcelbal","description":"\u00a1Bienvenido al \u00e1rea privada de Barcelbal! Acceda a documentos propietarios, documentaci\u00f3n t\u00e9cnica, manuales y materiales de marketing.","robots":{"index":"index","follow":"follow","max-snippet":"max-snippet:-1","max-image-preview":"max-image-preview:large","max-video-preview":"max-video-preview:-1"},"canonical":"https:\/\/barcelbal.com\/es\/area-reservada\/","og_locale":"es_ES","og_type":"article","og_title":"\u00c1rea Reservada | Barcelbal","og_description":"\u00a1Bienvenido al \u00e1rea privada de Barcelbal! Acceda a documentos propietarios, documentaci\u00f3n t\u00e9cnica, manuales y materiales de marketing.","og_url":"https:\/\/barcelbal.com\/es\/area-reservada\/","og_site_name":"Barcelbal","article_publisher":"https:\/\/www.facebook.com\/barcelbal\/","article_modified_time":"2025-01-09T12:06:03+00:00","og_image":[{"width":1320,"height":743,"url":"https:\/\/barcelbal.com\/wp-content\/uploads\/2022\/10\/Bascula_Ponte_Pesa_Camioes_Barcelbal_Enacol_Praia.jpg","type":"image\/jpeg"}],"twitter_card":"summary_large_image","twitter_misc":{"Tiempo de lectura":"1 minuto"},"schema":{"@context":"https:\/\/schema.org","@graph":[{"@type":"WebPage","@id":"https:\/\/barcelbal.com\/es\/area-reservada\/","url":"https:\/\/barcelbal.com\/es\/area-reservada\/","name":"\u00c1rea Reservada | Barcelbal","isPartOf":{"@id":"https:\/\/barcelbal.com\/#website"},"primaryImageOfPage":{"@id":"https:\/\/barcelbal.com\/es\/area-reservada\/#primaryimage"},"image":{"@id":"https:\/\/barcelbal.com\/es\/area-reservada\/#primaryimage"},"thumbnailUrl":"https:\/\/barcelbal.com\/wp-content\/uploads\/2022\/10\/Bascula_Ponte_Pesa_Camioes_Barcelbal_Enacol_Praia.jpg","datePublished":"2023-12-20T16:23:12+00:00","dateModified":"2025-01-09T12:06:03+00:00","description":"\u00a1Bienvenido al \u00e1rea privada de Barcelbal! Acceda a documentos propietarios, documentaci\u00f3n t\u00e9cnica, manuales y materiales de marketing.","breadcrumb":{"@id":"https:\/\/barcelbal.com\/es\/area-reservada\/#breadcrumb"},"inLanguage":"es","potentialAction":[{"@type":"ReadAction","target":["https:\/\/barcelbal.com\/es\/area-reservada\/"]}]},{"@type":"ImageObject","inLanguage":"es","@id":"https:\/\/barcelbal.com\/es\/area-reservada\/#primaryimage","url":"https:\/\/barcelbal.com\/wp-content\/uploads\/2022\/10\/Bascula_Ponte_Pesa_Camioes_Barcelbal_Enacol_Praia.jpg","contentUrl":"https:\/\/barcelbal.com\/wp-content\/uploads\/2022\/10\/Bascula_Ponte_Pesa_Camioes_Barcelbal_Enacol_Praia.jpg","width":1320,"height":743,"caption":"B\u00e1scula Ponte Pesa Cami\u00f5es Met\u00e1lica instalada na Enacol"},{"@type":"BreadcrumbList","@id":"https:\/\/barcelbal.com\/es\/area-reservada\/#breadcrumb","itemListElement":[{"@type":"ListItem","position":1,"name":"In\u00edcio","item":"https:\/\/barcelbal.com\/es\/"},{"@type":"ListItem","position":2,"name":"\u00c1rea Reservada"}]},{"@type":"WebSite","@id":"https:\/\/barcelbal.com\/#website","url":"https:\/\/barcelbal.com\/","name":"Barcelbal","description":"Sistemas de pesagem, balan\u00e7as e b\u00e1sculas","potentialAction":[{"@type":"SearchAction","target":{"@type":"EntryPoint","urlTemplate":"https:\/\/barcelbal.com\/?s={search_term_string}"},"query-input":{"@type":"PropertyValueSpecification","valueRequired":true,"valueName":"search_term_string"}}],"inLanguage":"es"}]}},"_links":{"self":[{"href":"https:\/\/barcelbal.com\/es\/wp-json\/wp\/v2\/pages\/9325","targetHints":{"allow":["GET"]}}],"collection":[{"href":"https:\/\/barcelbal.com\/es\/wp-json\/wp\/v2\/pages"}],"about":[{"href":"https:\/\/barcelbal.com\/es\/wp-json\/wp\/v2\/types\/page"}],"author":[{"embeddable":true,"href":"https:\/\/barcelbal.com\/es\/wp-json\/wp\/v2\/users\/2"}],"replies":[{"embeddable":true,"href":"https:\/\/barcelbal.com\/es\/wp-json\/wp\/v2\/comments?post=9325"}],"version-history":[{"count":1,"href":"https:\/\/barcelbal.com\/es\/wp-json\/wp\/v2\/pages\/9325\/revisions"}],"predecessor-version":[{"id":9328,"href":"https:\/\/barcelbal.com\/es\/wp-json\/wp\/v2\/pages\/9325\/revisions\/9328"}],"wp:featuredmedia":[{"embeddable":true,"href":"https:\/\/barcelbal.com\/es\/wp-json\/wp\/v2\/media\/6694"}],"wp:attachment":[{"href":"https:\/\/barcelbal.com\/es\/wp-json\/wp\/v2\/media?parent=9325"}],"curies":[{"name":"wp","href":"https:\/\/api.w.org\/{rel}","templated":true}]}}