{"id":9444,"date":"2021-05-26T15:56:23","date_gmt":"2021-05-26T15:56:23","guid":{"rendered":"https:\/\/barcelbal.com\/politica-privacidade\/"},"modified":"2025-01-24T10:33:50","modified_gmt":"2025-01-24T10:33:50","slug":"politica-de-privacidad","status":"publish","type":"page","link":"https:\/\/barcelbal.com\/es\/politica-de-privacidad\/","title":{"rendered":"Pol\u00edtica de privacidad"},"content":{"rendered":"<p><strong>BARCELBAL \u2013 BALAN\u00c7AS E B\u00c1SCULAS, S. A.<\/strong> respeta la privacidad de los visitantes del sitio web www.barcelbal.com y toma todas las precauciones necesarias para proteger su informaci\u00f3n personal.<br \/>\nEsta pol\u00edtica de privacidad tiene como objetivo aclarar qu\u00e9 informaci\u00f3n recopilamos y c\u00f3mo la utilizamos, as\u00ed como las medidas de seguridad adoptadas para proteger su identidad y datos personales.<\/p>\n<h2>\u00bfQU\u00c9 TIPO DE INFORMACI\u00d3N RECOGEMOS?<\/h2>\n<p>Se pueden solicitar datos personales, como su nombre, direcci\u00f3n, fecha de nacimiento, sexo, direcci\u00f3n de correo electr\u00f3nico, NIF, etc. Dicha informaci\u00f3n puede ser solicitada cuando se registre o complete un formulario de contacto ya sea como trabajador, candidato a empleo, estudiante, formador, cliente, proveedor, visitante, etc., y\/o cuando reciba o env\u00ede correos electr\u00f3nicos o utilice servicios que requieran un registro o suscripci\u00f3n. Utilizamos &#8220;cookies&#8221; para recopilar informaci\u00f3n sobre sus visitas a nuestro sitio web y mejorar su experiencia. Puede encontrar m\u00e1s informaci\u00f3n sobre c\u00f3mo utilizamos cookies en la secci\u00f3n &#8220;Uso de cookies&#8221; m\u00e1s abajo. Cuando visita nuestro sitio web, recopilamos datos conocidos como &#8220;ruta de clics&#8221; (direcci\u00f3n del servidor, nombre de dominio, etc.). Estos datos se almacenan de forma an\u00f3nima y se utilizan \u00fanicamente para an\u00e1lisis estad\u00edsticos generales y miner\u00eda web con el fin de mejorar nuestros servicios.<\/p>\n<h2>USO DE LA INFORMACI\u00d3N DE LOS VISITANTES:<\/h2>\n<p>Toda la informaci\u00f3n personal que obtenemos ser\u00e1 registrada, utilizada y protegida de acuerdo con la legislaci\u00f3n comunitaria vigente sobre protecci\u00f3n de datos y con esta pol\u00edtica de privacidad.<\/p>\n<p>La informaci\u00f3n recopilada tiene como finalidad el env\u00edo de informaci\u00f3n \/ difusi\u00f3n por correo electr\u00f3nico o mensajes SMS sobre nuestros productos y servicios.<br \/>\nEl env\u00edo de informaci\u00f3n solo ocurrir\u00e1 cuando el titular de los datos haya expresado su deseo de recibir correos electr\u00f3nicos y\/o mensajes SMS de Barcelbal, S.A. Si no desea recibir m\u00e1s correos electr\u00f3nicos o SMS, p\u00f3ngase en contacto con nosotros por correo electr\u00f3nico o carta a nuestra direcci\u00f3n.<\/p>\n<h2>PROTECCI\u00d3N DE LA INFORMACI\u00d3N DE LOS VISITANTES:<\/h2>\n<p>La informaci\u00f3n que nos proporcione al visitar nuestro sitio web est\u00e1 protegida mediante diversas medidas de seguridad, incluyendo el acceso restringido y la confidencialidad de la informaci\u00f3n. Sin embargo, le advertimos que al proporcionar informaci\u00f3n personal en l\u00ednea, existe el riesgo de que terceros puedan interceptar y utilizar dicha informaci\u00f3n, por lo que cualquier informaci\u00f3n divulgada en l\u00ednea se realiza bajo su propio riesgo.<\/p>\n<h2>PRIVACIDAD DE MENORES (NI\u00d1OS Y ADOLESCENTES):<\/h2>\n<p>Barcelbal, S.A. est\u00e1 comprometida con la protecci\u00f3n de la privacidad de los ni\u00f1os y no tiene la intenci\u00f3n de recopilar datos personales de menores de 18 a\u00f1os. Si el usuario tiene menos de 18 a\u00f1os e intenta enviar su registro, ser\u00e1 rechazado y se le informar\u00e1 de que no aceptamos registros de ni\u00f1os menores de 18 a\u00f1os. Animamos a los padres y responsables de menores de 18 a\u00f1os a supervisar y controlar regularmente el uso del correo electr\u00f3nico y otras actividades en l\u00ednea de los menores.<\/p>\n<h2>USO DE COOKIES:<\/h2>\n<p>Si lo desea, puede desactivar todas las cookies si prefiere no recibirlas. Tambi\u00e9n puede configurar su ordenador para que le avise cuando se utilicen cookies. En ambos casos, debe ajustar la configuraci\u00f3n de su navegador (como Internet Explorer).<\/p>\n<h2>RECTIFICACI\u00d3N, ELIMINACI\u00d3N O MODIFICACI\u00d3N O ACTUALIZACI\u00d3N DE INFORMACI\u00d3N PERSONAL:<\/h2>\n<p>Si lo desea, puede cancelar su registro o uso en cualquier momento y optar por no recibir m\u00e1s mensajes de correo electr\u00f3nico y\/o SMS, y tambi\u00e9n puede eliminar toda su informaci\u00f3n personal de nuestra base de datos.<\/p>\n<p>Si lo desea, tambi\u00e9n puede anular suscripciones, eliminar o modificar su informaci\u00f3n personal.<\/p>\n<h2>NUESTRO CONTACTO:<\/h2>\n<p>Si tiene alguna pregunta o comentario sobre nuestro sitio web y\/o nuestra pol\u00edtica de privacidad, puede enviarlo a la direcci\u00f3n presente en el sitio web.<\/p>\n<h2>CONSENTIMIENTO DEL TITULAR DE LOS DATOS:<\/h2>\n<p>Al utilizar nuestro sitio web, confirma que acepta los t\u00e9rminos de esta Pol\u00edtica de Privacidad, as\u00ed como nuestros T\u00e9rminos y Condiciones. Si no est\u00e1 de acuerdo con los t\u00e9rminos de nuestra Pol\u00edtica de Privacidad y nuestros T\u00e9rminos y Condiciones, le solicitamos que no nos proporcione informaci\u00f3n personal y que deje de utilizar nuestro sitio web.<\/p>\n<h2>DERECHO DEL TITULAR DE LOS DATOS DE ACCEDER A SU INFORMACI\u00d3N PERSONAL:<\/h2>\n<p>El titular de los datos tiene derecho a recibir una copia de su informaci\u00f3n personal que poseemos. La empresa se reserva el derecho de cobrar una peque\u00f1a tarifa (valor a determinar) para cubrir los costos administrativos y de procesamiento inform\u00e1tico de cualquier solicitud realizada.<\/p>\n<h2>DERECHO DEL TITULAR DE LOS DATOS A LA ELIMINACI\u00d3N DE DATOS PERSONALES:<\/h2>\n<p>Si es usuario de nuestro sitio web mediante el proceso de registro de usuario, sus datos estar\u00e1n almacenados en una base de datos espec\u00edfica de control de usuarios. Sin embargo, el Titular de los Datos podr\u00e1 solicitar su eliminaci\u00f3n en cualquier momento mediante una solicitud por escrito a nuestra direcci\u00f3n oficial, disponible en el sitio web.<\/p>\n<h2>POL\u00cdTICA DE PRIVACIDAD:<\/h2>\n<p>La pol\u00edtica de privacidad en l\u00ednea solo se aplica a la informaci\u00f3n recopilada a trav\u00e9s de nuestro sitio web y no a la informaci\u00f3n recopilada fuera de l\u00ednea.<\/p>\n<p>La Administraci\u00f3n,<\/p>\n","protected":false},"excerpt":{"rendered":"<p>BARCELBAL \u2013 BALAN\u00c7AS E B\u00c1SCULAS, S. A. respeta la privacidad de los visitantes del sitio web www.barcelbal.com y toma todas las precauciones necesarias para proteger su informaci\u00f3n personal. Esta pol\u00edtica de privacidad tiene como objetivo aclarar qu\u00e9 informaci\u00f3n recopilamos y c\u00f3mo la utilizamos, as\u00ed como las medidas de seguridad adoptadas para proteger su identidad y [&hellip;]<\/p>\n","protected":false},"author":1,"featured_media":9446,"parent":0,"menu_order":0,"comment_status":"closed","ping_status":"closed","template":"","meta":{"_acf_changed":false,"inline_featured_image":false,"footnotes":""},"class_list":["post-9444","page","type-page","status-publish","has-post-thumbnail","hentry"],"acf":[],"yoast_head":"<!-- This site is optimized with the Yoast SEO plugin v27.4 - https:\/\/yoast.com\/product\/yoast-seo-wordpress\/ -->\n<title>Pol\u00edtica de privacidad | Barcelbal<\/title>\n<meta name=\"description\" content=\"Pol\u00edtica de privacidad y condiciones de uso de nuestro sitio web.\" \/>\n<meta name=\"robots\" content=\"index, follow, max-snippet:-1, max-image-preview:large, max-video-preview:-1\" \/>\n<link rel=\"canonical\" href=\"https:\/\/barcelbal.com\/es\/politica-de-privacidad\/\" \/>\n<meta property=\"og:locale\" content=\"es_ES\" \/>\n<meta property=\"og:type\" content=\"article\" \/>\n<meta property=\"og:title\" content=\"Pol\u00edtica de privacidad Barcelbal\" \/>\n<meta property=\"og:description\" content=\"Pol\u00edtica de privacidade e termos de utiliza\u00e7\u00e3o do nosso s\u00edtio.\" \/>\n<meta property=\"og:url\" content=\"https:\/\/barcelbal.com\/es\/politica-de-privacidad\/\" \/>\n<meta property=\"og:site_name\" content=\"Barcelbal\" \/>\n<meta property=\"article:publisher\" content=\"https:\/\/www.facebook.com\/barcelbal\/\" \/>\n<meta property=\"article:modified_time\" content=\"2025-01-24T10:33:50+00:00\" \/>\n<meta property=\"og:image\" content=\"https:\/\/barcelbal.com\/wp-content\/uploads\/2021\/06\/Politica_Privacidade_Barcelbal-1.png\" \/>\n\t<meta property=\"og:image:width\" content=\"1920\" \/>\n\t<meta property=\"og:image:height\" content=\"1080\" \/>\n\t<meta property=\"og:image:type\" content=\"image\/png\" \/>\n<meta name=\"twitter:card\" content=\"summary_large_image\" \/>\n<meta name=\"twitter:title\" content=\"Pol\u00edtica de privacidad Barcelbal\" \/>\n<meta name=\"twitter:description\" content=\"Pol\u00edtica de privacidade e termos de utiliza\u00e7\u00e3o do nosso s\u00edtio.\" \/>\n<meta name=\"twitter:image\" content=\"https:\/\/barcelbal.com\/wp-content\/uploads\/2021\/06\/Politica_Privacidade_Barcelbal-1.png\" \/>\n<meta name=\"twitter:label1\" content=\"Tiempo de lectura\" \/>\n\t<meta name=\"twitter:data1\" content=\"5 minutos\" \/>\n<script type=\"application\/ld+json\" class=\"yoast-schema-graph\">{\"@context\":\"https:\\\/\\\/schema.org\",\"@graph\":[{\"@type\":\"WebPage\",\"@id\":\"https:\\\/\\\/barcelbal.com\\\/es\\\/politica-de-privacidad\\\/\",\"url\":\"https:\\\/\\\/barcelbal.com\\\/es\\\/politica-de-privacidad\\\/\",\"name\":\"Pol\u00edtica de privacidad | Barcelbal\",\"isPartOf\":{\"@id\":\"https:\\\/\\\/barcelbal.com\\\/#website\"},\"primaryImageOfPage\":{\"@id\":\"https:\\\/\\\/barcelbal.com\\\/es\\\/politica-de-privacidad\\\/#primaryimage\"},\"image\":{\"@id\":\"https:\\\/\\\/barcelbal.com\\\/es\\\/politica-de-privacidad\\\/#primaryimage\"},\"thumbnailUrl\":\"https:\\\/\\\/barcelbal.com\\\/wp-content\\\/uploads\\\/2021\\\/06\\\/Politica_Privacidade_Barcelbal-1.png\",\"datePublished\":\"2021-05-26T15:56:23+00:00\",\"dateModified\":\"2025-01-24T10:33:50+00:00\",\"description\":\"Pol\u00edtica de privacidad y condiciones de uso de nuestro sitio web.\",\"breadcrumb\":{\"@id\":\"https:\\\/\\\/barcelbal.com\\\/es\\\/politica-de-privacidad\\\/#breadcrumb\"},\"inLanguage\":\"es\",\"potentialAction\":[{\"@type\":\"ReadAction\",\"target\":[\"https:\\\/\\\/barcelbal.com\\\/es\\\/politica-de-privacidad\\\/\"]}]},{\"@type\":\"ImageObject\",\"inLanguage\":\"es\",\"@id\":\"https:\\\/\\\/barcelbal.com\\\/es\\\/politica-de-privacidad\\\/#primaryimage\",\"url\":\"https:\\\/\\\/barcelbal.com\\\/wp-content\\\/uploads\\\/2021\\\/06\\\/Politica_Privacidade_Barcelbal-1.png\",\"contentUrl\":\"https:\\\/\\\/barcelbal.com\\\/wp-content\\\/uploads\\\/2021\\\/06\\\/Politica_Privacidade_Barcelbal-1.png\",\"width\":1920,\"height\":1080},{\"@type\":\"BreadcrumbList\",\"@id\":\"https:\\\/\\\/barcelbal.com\\\/es\\\/politica-de-privacidad\\\/#breadcrumb\",\"itemListElement\":[{\"@type\":\"ListItem\",\"position\":1,\"name\":\"In\u00edcio\",\"item\":\"https:\\\/\\\/barcelbal.com\\\/es\\\/\"},{\"@type\":\"ListItem\",\"position\":2,\"name\":\"Pol\u00edtica de privacidad\"}]},{\"@type\":\"WebSite\",\"@id\":\"https:\\\/\\\/barcelbal.com\\\/#website\",\"url\":\"https:\\\/\\\/barcelbal.com\\\/\",\"name\":\"Barcelbal\",\"description\":\"Sistemas de pesagem, balan\u00e7as e b\u00e1sculas\",\"potentialAction\":[{\"@type\":\"SearchAction\",\"target\":{\"@type\":\"EntryPoint\",\"urlTemplate\":\"https:\\\/\\\/barcelbal.com\\\/?s={search_term_string}\"},\"query-input\":{\"@type\":\"PropertyValueSpecification\",\"valueRequired\":true,\"valueName\":\"search_term_string\"}}],\"inLanguage\":\"es\"}]}<\/script>\n<!-- \/ Yoast SEO plugin. -->","yoast_head_json":{"title":"Pol\u00edtica de privacidad | Barcelbal","description":"Pol\u00edtica de privacidad y condiciones de uso de nuestro sitio web.","robots":{"index":"index","follow":"follow","max-snippet":"max-snippet:-1","max-image-preview":"max-image-preview:large","max-video-preview":"max-video-preview:-1"},"canonical":"https:\/\/barcelbal.com\/es\/politica-de-privacidad\/","og_locale":"es_ES","og_type":"article","og_title":"Pol\u00edtica de privacidad Barcelbal","og_description":"Pol\u00edtica de privacidade e termos de utiliza\u00e7\u00e3o do nosso s\u00edtio.","og_url":"https:\/\/barcelbal.com\/es\/politica-de-privacidad\/","og_site_name":"Barcelbal","article_publisher":"https:\/\/www.facebook.com\/barcelbal\/","article_modified_time":"2025-01-24T10:33:50+00:00","og_image":[{"width":1920,"height":1080,"url":"https:\/\/barcelbal.com\/wp-content\/uploads\/2021\/06\/Politica_Privacidade_Barcelbal-1.png","type":"image\/png"}],"twitter_card":"summary_large_image","twitter_title":"Pol\u00edtica de privacidad Barcelbal","twitter_description":"Pol\u00edtica de privacidade e termos de utiliza\u00e7\u00e3o do nosso s\u00edtio.","twitter_image":"https:\/\/barcelbal.com\/wp-content\/uploads\/2021\/06\/Politica_Privacidade_Barcelbal-1.png","twitter_misc":{"Tiempo de lectura":"5 minutos"},"schema":{"@context":"https:\/\/schema.org","@graph":[{"@type":"WebPage","@id":"https:\/\/barcelbal.com\/es\/politica-de-privacidad\/","url":"https:\/\/barcelbal.com\/es\/politica-de-privacidad\/","name":"Pol\u00edtica de privacidad | Barcelbal","isPartOf":{"@id":"https:\/\/barcelbal.com\/#website"},"primaryImageOfPage":{"@id":"https:\/\/barcelbal.com\/es\/politica-de-privacidad\/#primaryimage"},"image":{"@id":"https:\/\/barcelbal.com\/es\/politica-de-privacidad\/#primaryimage"},"thumbnailUrl":"https:\/\/barcelbal.com\/wp-content\/uploads\/2021\/06\/Politica_Privacidade_Barcelbal-1.png","datePublished":"2021-05-26T15:56:23+00:00","dateModified":"2025-01-24T10:33:50+00:00","description":"Pol\u00edtica de privacidad y condiciones de uso de nuestro sitio web.","breadcrumb":{"@id":"https:\/\/barcelbal.com\/es\/politica-de-privacidad\/#breadcrumb"},"inLanguage":"es","potentialAction":[{"@type":"ReadAction","target":["https:\/\/barcelbal.com\/es\/politica-de-privacidad\/"]}]},{"@type":"ImageObject","inLanguage":"es","@id":"https:\/\/barcelbal.com\/es\/politica-de-privacidad\/#primaryimage","url":"https:\/\/barcelbal.com\/wp-content\/uploads\/2021\/06\/Politica_Privacidade_Barcelbal-1.png","contentUrl":"https:\/\/barcelbal.com\/wp-content\/uploads\/2021\/06\/Politica_Privacidade_Barcelbal-1.png","width":1920,"height":1080},{"@type":"BreadcrumbList","@id":"https:\/\/barcelbal.com\/es\/politica-de-privacidad\/#breadcrumb","itemListElement":[{"@type":"ListItem","position":1,"name":"In\u00edcio","item":"https:\/\/barcelbal.com\/es\/"},{"@type":"ListItem","position":2,"name":"Pol\u00edtica de privacidad"}]},{"@type":"WebSite","@id":"https:\/\/barcelbal.com\/#website","url":"https:\/\/barcelbal.com\/","name":"Barcelbal","description":"Sistemas de pesagem, balan\u00e7as e b\u00e1sculas","potentialAction":[{"@type":"SearchAction","target":{"@type":"EntryPoint","urlTemplate":"https:\/\/barcelbal.com\/?s={search_term_string}"},"query-input":{"@type":"PropertyValueSpecification","valueRequired":true,"valueName":"search_term_string"}}],"inLanguage":"es"}]}},"_links":{"self":[{"href":"https:\/\/barcelbal.com\/es\/wp-json\/wp\/v2\/pages\/9444","targetHints":{"allow":["GET"]}}],"collection":[{"href":"https:\/\/barcelbal.com\/es\/wp-json\/wp\/v2\/pages"}],"about":[{"href":"https:\/\/barcelbal.com\/es\/wp-json\/wp\/v2\/types\/page"}],"author":[{"embeddable":true,"href":"https:\/\/barcelbal.com\/es\/wp-json\/wp\/v2\/users\/1"}],"replies":[{"embeddable":true,"href":"https:\/\/barcelbal.com\/es\/wp-json\/wp\/v2\/comments?post=9444"}],"version-history":[{"count":2,"href":"https:\/\/barcelbal.com\/es\/wp-json\/wp\/v2\/pages\/9444\/revisions"}],"predecessor-version":[{"id":9448,"href":"https:\/\/barcelbal.com\/es\/wp-json\/wp\/v2\/pages\/9444\/revisions\/9448"}],"wp:featuredmedia":[{"embeddable":true,"href":"https:\/\/barcelbal.com\/es\/wp-json\/wp\/v2\/media\/9446"}],"wp:attachment":[{"href":"https:\/\/barcelbal.com\/es\/wp-json\/wp\/v2\/media?parent=9444"}],"curies":[{"name":"wp","href":"https:\/\/api.w.org\/{rel}","templated":true}]}}