{"id":9488,"date":"2021-08-27T12:13:18","date_gmt":"2021-08-27T12:13:18","guid":{"rendered":"https:\/\/barcelbal.com\/faqs\/"},"modified":"2025-12-02T10:34:40","modified_gmt":"2025-12-02T10:34:40","slug":"faqs","status":"publish","type":"page","link":"https:\/\/barcelbal.com\/es\/faqs\/","title":{"rendered":"FAQ&#8217;s"},"content":{"rendered":"","protected":false},"excerpt":{"rendered":"","protected":false},"author":1,"featured_media":2874,"parent":0,"menu_order":0,"comment_status":"closed","ping_status":"closed","template":"page-faq.php","meta":{"_acf_changed":false,"inline_featured_image":false,"footnotes":""},"class_list":["post-9488","page","type-page","status-publish","has-post-thumbnail","hentry"],"acf":[],"yoast_head":"<!-- This site is optimized with the Yoast SEO plugin v27.4 - https:\/\/yoast.com\/product\/yoast-seo-wordpress\/ -->\n<title>FAQ&#039;s | Barcelbal<\/title>\n<meta name=\"description\" content=\"On this page you will find information about &quot;how to order scales and balances&quot;, &quot;payment methods&quot; and &quot;CE verification&quot;.\" \/>\n<meta name=\"robots\" content=\"index, follow, max-snippet:-1, max-image-preview:large, max-video-preview:-1\" \/>\n<link rel=\"canonical\" href=\"https:\/\/barcelbal.com\/es\/faqs\/\" \/>\n<meta property=\"og:locale\" content=\"es_ES\" \/>\n<meta property=\"og:type\" content=\"article\" \/>\n<meta property=\"og:title\" content=\"FAQ&#039;s Barcelbal\" \/>\n<meta property=\"og:description\" content=\"On this page you will find information about &quot;how to order scales and balances&quot;, &quot;payment methods&quot; and &quot;CE verification&quot;.\" \/>\n<meta property=\"og:url\" content=\"https:\/\/barcelbal.com\/es\/faqs\/\" \/>\n<meta property=\"og:site_name\" content=\"Barcelbal\" \/>\n<meta property=\"article:publisher\" content=\"https:\/\/www.facebook.com\/barcelbal\/\" \/>\n<meta property=\"article:modified_time\" content=\"2025-12-02T10:34:40+00:00\" \/>\n<meta property=\"og:image\" content=\"https:\/\/barcelbal.com\/wp-content\/uploads\/2021\/08\/barcelbal-faq.jpg\" \/>\n\t<meta property=\"og:image:width\" content=\"1920\" \/>\n\t<meta property=\"og:image:height\" content=\"1120\" \/>\n\t<meta property=\"og:image:type\" content=\"image\/jpeg\" \/>\n<meta name=\"twitter:card\" content=\"summary_large_image\" \/>\n<meta name=\"twitter:title\" content=\"FAQ&#039;s Barcelbal\" \/>\n<meta name=\"twitter:description\" content=\"Nesta p\u00e1gina encontra informa\u00e7\u00f5es sobre &quot;como encomendar b\u00e1sculas e balan\u00e7as&quot;, &quot;quais os m\u00e9todos de pagamento&quot;, &quot;verifica\u00e7\u00e3o CE&quot;.\" \/>\n<meta name=\"twitter:image\" content=\"https:\/\/barcelbal.com\/wp-content\/uploads\/2021\/08\/barcelbal-faq.jpg\" \/>\n<meta name=\"twitter:label1\" content=\"Tiempo de lectura\" \/>\n\t<meta name=\"twitter:data1\" content=\"1 minuto\" \/>\n<script type=\"application\/ld+json\" class=\"yoast-schema-graph\">{\"@context\":\"https:\\\/\\\/schema.org\",\"@graph\":[{\"@type\":\"WebPage\",\"@id\":\"https:\\\/\\\/barcelbal.com\\\/es\\\/faqs\\\/\",\"url\":\"https:\\\/\\\/barcelbal.com\\\/es\\\/faqs\\\/\",\"name\":\"FAQ's | Barcelbal\",\"isPartOf\":{\"@id\":\"https:\\\/\\\/barcelbal.com\\\/#website\"},\"primaryImageOfPage\":{\"@id\":\"https:\\\/\\\/barcelbal.com\\\/es\\\/faqs\\\/#primaryimage\"},\"image\":{\"@id\":\"https:\\\/\\\/barcelbal.com\\\/es\\\/faqs\\\/#primaryimage\"},\"thumbnailUrl\":\"https:\\\/\\\/barcelbal.com\\\/wp-content\\\/uploads\\\/2021\\\/08\\\/barcelbal-faq.jpg\",\"datePublished\":\"2021-08-27T12:13:18+00:00\",\"dateModified\":\"2025-12-02T10:34:40+00:00\",\"description\":\"On this page you will find information about \\\"how to order scales and balances\\\", \\\"payment methods\\\" and \\\"CE verification\\\".\",\"breadcrumb\":{\"@id\":\"https:\\\/\\\/barcelbal.com\\\/es\\\/faqs\\\/#breadcrumb\"},\"inLanguage\":\"es\",\"potentialAction\":[{\"@type\":\"ReadAction\",\"target\":[\"https:\\\/\\\/barcelbal.com\\\/es\\\/faqs\\\/\"]}]},{\"@type\":\"ImageObject\",\"inLanguage\":\"es\",\"@id\":\"https:\\\/\\\/barcelbal.com\\\/es\\\/faqs\\\/#primaryimage\",\"url\":\"https:\\\/\\\/barcelbal.com\\\/wp-content\\\/uploads\\\/2021\\\/08\\\/barcelbal-faq.jpg\",\"contentUrl\":\"https:\\\/\\\/barcelbal.com\\\/wp-content\\\/uploads\\\/2021\\\/08\\\/barcelbal-faq.jpg\",\"width\":1920,\"height\":1120},{\"@type\":\"BreadcrumbList\",\"@id\":\"https:\\\/\\\/barcelbal.com\\\/es\\\/faqs\\\/#breadcrumb\",\"itemListElement\":[{\"@type\":\"ListItem\",\"position\":1,\"name\":\"In\u00edcio\",\"item\":\"https:\\\/\\\/barcelbal.com\\\/es\\\/\"},{\"@type\":\"ListItem\",\"position\":2,\"name\":\"FAQ&#8217;s\"}]},{\"@type\":\"WebSite\",\"@id\":\"https:\\\/\\\/barcelbal.com\\\/#website\",\"url\":\"https:\\\/\\\/barcelbal.com\\\/\",\"name\":\"Barcelbal\",\"description\":\"Sistemas de pesagem, balan\u00e7as e b\u00e1sculas\",\"potentialAction\":[{\"@type\":\"SearchAction\",\"target\":{\"@type\":\"EntryPoint\",\"urlTemplate\":\"https:\\\/\\\/barcelbal.com\\\/?s={search_term_string}\"},\"query-input\":{\"@type\":\"PropertyValueSpecification\",\"valueRequired\":true,\"valueName\":\"search_term_string\"}}],\"inLanguage\":\"es\"}]}<\/script>\n<!-- \/ Yoast SEO plugin. -->","yoast_head_json":{"title":"FAQ's | Barcelbal","description":"On this page you will find information about \"how to order scales and balances\", \"payment methods\" and \"CE verification\".","robots":{"index":"index","follow":"follow","max-snippet":"max-snippet:-1","max-image-preview":"max-image-preview:large","max-video-preview":"max-video-preview:-1"},"canonical":"https:\/\/barcelbal.com\/es\/faqs\/","og_locale":"es_ES","og_type":"article","og_title":"FAQ's Barcelbal","og_description":"On this page you will find information about \"how to order scales and balances\", \"payment methods\" and \"CE verification\".","og_url":"https:\/\/barcelbal.com\/es\/faqs\/","og_site_name":"Barcelbal","article_publisher":"https:\/\/www.facebook.com\/barcelbal\/","article_modified_time":"2025-12-02T10:34:40+00:00","og_image":[{"width":1920,"height":1120,"url":"https:\/\/barcelbal.com\/wp-content\/uploads\/2021\/08\/barcelbal-faq.jpg","type":"image\/jpeg"}],"twitter_card":"summary_large_image","twitter_title":"FAQ's Barcelbal","twitter_description":"Nesta p\u00e1gina encontra informa\u00e7\u00f5es sobre \"como encomendar b\u00e1sculas e balan\u00e7as\", \"quais os m\u00e9todos de pagamento\", \"verifica\u00e7\u00e3o CE\".","twitter_image":"https:\/\/barcelbal.com\/wp-content\/uploads\/2021\/08\/barcelbal-faq.jpg","twitter_misc":{"Tiempo de lectura":"1 minuto"},"schema":{"@context":"https:\/\/schema.org","@graph":[{"@type":"WebPage","@id":"https:\/\/barcelbal.com\/es\/faqs\/","url":"https:\/\/barcelbal.com\/es\/faqs\/","name":"FAQ's | Barcelbal","isPartOf":{"@id":"https:\/\/barcelbal.com\/#website"},"primaryImageOfPage":{"@id":"https:\/\/barcelbal.com\/es\/faqs\/#primaryimage"},"image":{"@id":"https:\/\/barcelbal.com\/es\/faqs\/#primaryimage"},"thumbnailUrl":"https:\/\/barcelbal.com\/wp-content\/uploads\/2021\/08\/barcelbal-faq.jpg","datePublished":"2021-08-27T12:13:18+00:00","dateModified":"2025-12-02T10:34:40+00:00","description":"On this page you will find information about \"how to order scales and balances\", \"payment methods\" and \"CE verification\".","breadcrumb":{"@id":"https:\/\/barcelbal.com\/es\/faqs\/#breadcrumb"},"inLanguage":"es","potentialAction":[{"@type":"ReadAction","target":["https:\/\/barcelbal.com\/es\/faqs\/"]}]},{"@type":"ImageObject","inLanguage":"es","@id":"https:\/\/barcelbal.com\/es\/faqs\/#primaryimage","url":"https:\/\/barcelbal.com\/wp-content\/uploads\/2021\/08\/barcelbal-faq.jpg","contentUrl":"https:\/\/barcelbal.com\/wp-content\/uploads\/2021\/08\/barcelbal-faq.jpg","width":1920,"height":1120},{"@type":"BreadcrumbList","@id":"https:\/\/barcelbal.com\/es\/faqs\/#breadcrumb","itemListElement":[{"@type":"ListItem","position":1,"name":"In\u00edcio","item":"https:\/\/barcelbal.com\/es\/"},{"@type":"ListItem","position":2,"name":"FAQ&#8217;s"}]},{"@type":"WebSite","@id":"https:\/\/barcelbal.com\/#website","url":"https:\/\/barcelbal.com\/","name":"Barcelbal","description":"Sistemas de pesagem, balan\u00e7as e b\u00e1sculas","potentialAction":[{"@type":"SearchAction","target":{"@type":"EntryPoint","urlTemplate":"https:\/\/barcelbal.com\/?s={search_term_string}"},"query-input":{"@type":"PropertyValueSpecification","valueRequired":true,"valueName":"search_term_string"}}],"inLanguage":"es"}]}},"_links":{"self":[{"href":"https:\/\/barcelbal.com\/es\/wp-json\/wp\/v2\/pages\/9488","targetHints":{"allow":["GET"]}}],"collection":[{"href":"https:\/\/barcelbal.com\/es\/wp-json\/wp\/v2\/pages"}],"about":[{"href":"https:\/\/barcelbal.com\/es\/wp-json\/wp\/v2\/types\/page"}],"author":[{"embeddable":true,"href":"https:\/\/barcelbal.com\/es\/wp-json\/wp\/v2\/users\/1"}],"replies":[{"embeddable":true,"href":"https:\/\/barcelbal.com\/es\/wp-json\/wp\/v2\/comments?post=9488"}],"version-history":[{"count":2,"href":"https:\/\/barcelbal.com\/es\/wp-json\/wp\/v2\/pages\/9488\/revisions"}],"predecessor-version":[{"id":10779,"href":"https:\/\/barcelbal.com\/es\/wp-json\/wp\/v2\/pages\/9488\/revisions\/10779"}],"wp:featuredmedia":[{"embeddable":true,"href":"https:\/\/barcelbal.com\/es\/wp-json\/wp\/v2\/media\/2874"}],"wp:attachment":[{"href":"https:\/\/barcelbal.com\/es\/wp-json\/wp\/v2\/media?parent=9488"}],"curies":[{"name":"wp","href":"https:\/\/api.w.org\/{rel}","templated":true}]}}