{"id":3751,"date":"2025-01-24T10:36:50","date_gmt":"2025-01-24T10:36:50","guid":{"rendered":"https:\/\/barcelbal.com\/\/?page_id=3751"},"modified":"2025-01-24T10:36:50","modified_gmt":"2025-01-24T10:36:50","slug":"politique-de-confidentialite","status":"publish","type":"page","link":"https:\/\/barcelbal.com\/fr\/politique-de-confidentialite\/","title":{"rendered":"Politique de confidentialit\u00e9"},"content":{"rendered":"<p><strong>BARCELBAL \u2013 BALAN\u00c7AS E B\u00c1SCULAS, S. A.<\/strong> respecte la vie priv\u00e9e des visiteurs du site web www.barcelbal.com et prend toutes les pr\u00e9cautions n\u00e9cessaires pour prot\u00e9ger leurs informations personnelles.<br \/>\nCette politique de confidentialit\u00e9 a pour objectif de clarifier quelles informations nous collectons, comment nous pouvons les utiliser ainsi que les mesures de s\u00e9curit\u00e9 adopt\u00e9es pour prot\u00e9ger votre identit\u00e9 et vos donn\u00e9es personnelles.<\/p>\n<h2>QUEL TYPE D&#8217;INFORMATIONS COLLECTONS-NOUS ?<\/h2>\n<p>Des informations personnelles peuvent \u00eatre demand\u00e9es, telles que votre nom, adresse, date de naissance, sexe, adresse e-mail, num\u00e9ro fiscal, etc. Ces informations peuvent \u00eatre demand\u00e9es lorsque vous vous inscrivez ou remplissez un formulaire de contact en tant que travailleur, candidat \u00e0 un emploi, apprenant, formateur, client, fournisseur, visiteur, etc., et\/ou lorsque vous recevez ou envoyez des e-mails ou utilisez des services n\u00e9cessitant une inscription ou un abonnement. Nous utilisons des &#8220;cookies&#8221; pour collecter des informations sur vos visites sur notre site web et am\u00e9liorer votre exp\u00e9rience. Vous pouvez trouver plus d&#8217;informations sur l&#8217;utilisation des cookies dans la section &#8220;Utilisation des cookies&#8221; ci-dessous. Lorsque vous visitez notre site web, nous collectons des donn\u00e9es connues sous le nom de &#8220;chemin de clics&#8221; (adresse du serveur, nom de domaine, etc.). Ces informations\/donn\u00e9es sont stock\u00e9es de mani\u00e8re anonyme et sont utilis\u00e9es uniquement pour des analyses statistiques g\u00e9n\u00e9rales, du webmining, dans le but d&#8217;am\u00e9liorer nos services.<\/p>\n<h2>UTILISATION DES INFORMATIONS DES VISITEURS :<\/h2>\n<p>Toutes les informations personnelles que nous collectons seront enregistr\u00e9es, utilis\u00e9es et prot\u00e9g\u00e9es conform\u00e9ment \u00e0 la l\u00e9gislation communautaire en vigueur sur la protection des donn\u00e9es et \u00e0 cette politique de confidentialit\u00e9.<\/p>\n<p>Les informations collect\u00e9es ont pour but l&#8217;envoi d&#8217;informations \/ la diffusion par e-mail ou messages SMS concernant nos produits et services.<br \/>\nL&#8217;envoi d&#8217;informations ne se produit que lorsque le titulaire des donn\u00e9es a express\u00e9ment choisi de recevoir des e-mails et\/ou des messages SMS de Barcelbal, S.A. Si vous ne souhaitez plus recevoir de messages par e-mail ou SMS, contactez-nous par e-mail ou par courrier \u00e0 notre adresse.<\/p>\n<h2>PROTECTION DES INFORMATIONS DES VISITEURS :<\/h2>\n<p>Les informations que vous nous fournissez lors de votre visite sur notre site web sont prot\u00e9g\u00e9es par diverses mesures de s\u00e9curit\u00e9, y compris un acc\u00e8s restreint et la confidentialit\u00e9 des informations. Cependant, nous vous avertissons qu&#8217;en fournissant des informations personnelles en ligne, il existe un risque que des tiers interceptent et utilisent ces informations, donc toute information divulgu\u00e9e en ligne est faite \u00e0 vos propres risques.<\/p>\n<h2>CONFIDENTIALIT\u00c9 DES MINEURS (ENFANTS ET ADOLESCENTS) :<\/h2>\n<p>Barcelbal, S.A. s&#8217;engage \u00e0 prot\u00e9ger la vie priv\u00e9e des enfants et n&#8217;a pas l&#8217;intention de collecter des donn\u00e9es personnelles de mineurs de moins de 18 ans. Si l&#8217;utilisateur a moins de 18 ans et tente d&#8217;envoyer son inscription, celle-ci sera rejet\u00e9e et l&#8217;enfant sera inform\u00e9 que nous n&#8217;acceptons pas les inscriptions provenant d&#8217;enfants de moins de 18 ans. Nous encourageons les parents et les responsables de mineurs de moins de 18 ans \u00e0 surveiller et \u00e0 contr\u00f4ler r\u00e9guli\u00e8rement l&#8217;utilisation des e-mails et autres activit\u00e9s en ligne des mineurs.<\/p>\n<h2>UTILISATION DES COOKIES :<\/h2>\n<p>Si vous le souhaitez, vous pouvez d\u00e9sactiver tous les cookies si vous pr\u00e9f\u00e9rez ne pas les recevoir. Vous pouvez \u00e9galement configurer votre ordinateur pour qu&#8217;il vous avertisse lors de l&#8217;utilisation de cookies. Dans les deux cas, vous devez ajuster les param\u00e8tres de votre navigateur (comme Internet Explorer).<\/p>\n<h2>RECTIFICATION, SUPPRESSION OU MODIFICATION OU MISE \u00c0 JOUR DES INFORMATIONS PERSONNELLES :<\/h2>\n<p>Si vous le souhaitez, vous pouvez annuler votre inscription ou utilisation \u00e0 tout moment et choisir de ne plus recevoir aucun message par e-mail et\/ou SMS, et vous pouvez \u00e9galement choisir de supprimer toutes vos informations personnelles de notre base de donn\u00e9es.<\/p>\n<p>Si vous le souhaitez, vous pouvez \u00e9galement annuler des abonnements, supprimer ou modifier vos informations personnelles.<\/p>\n<h2>NOTRE CONTACT :<\/h2>\n<p>Si vous avez des questions ou des commentaires concernant notre site web et\/ou notre politique de confidentialit\u00e9, vous pouvez les envoyer \u00e0 l&#8217;adresse indiqu\u00e9e sur le site web.<\/p>\n<h2>LE CONSENTEMENT DU TITULAIRE DES DONN\u00c9ES :<\/h2>\n<p>En utilisant notre site web, vous confirmez accepter les termes de cette politique de confidentialit\u00e9 ainsi que nos conditions g\u00e9n\u00e9rales. Si vous n&#8217;\u00eates pas d&#8217;accord avec les termes de notre politique de confidentialit\u00e9 et nos conditions g\u00e9n\u00e9rales, nous vous demandons de ne pas nous fournir d&#8217;informations personnelles et de cesser d&#8217;utiliser notre site web.<\/p>\n<h2>DROIT DU TITULAIRE DES DONN\u00c9ES D&#8217;ACC\u00c9DER \u00c0 SES INFORMATIONS PERSONNELLES :<\/h2>\n<p>Le titulaire des donn\u00e9es a le droit de recevoir une copie de ses informations personnelles en notre possession. L&#8217;entreprise se r\u00e9serve le droit de facturer une petite somme (montant \u00e0 d\u00e9finir) pour couvrir les co\u00fbts administratifs et informatiques de toute demande effectu\u00e9e.<\/p>\n<h2>DROIT DU TITULAIRE DES DONN\u00c9ES \u00c0 LA SUPPRESSION DES DONN\u00c9ES PERSONNELLES :<\/h2>\n<p>Si vous \u00eates utilisateur de notre site web par le biais du processus d&#8217;inscription, vos donn\u00e9es seront stock\u00e9es dans une base de donn\u00e9es sp\u00e9cifique de contr\u00f4le des utilisateurs. Cependant, le titulaire des donn\u00e9es peut demander leur suppression \u00e0 tout moment par \u00e9crit \u00e0 notre adresse officielle pr\u00e9sente sur le site web.<\/p>\n<h2>POLITIQUE DE CONFIDENTIALIT\u00c9 :<\/h2>\n<p>La politique de confidentialit\u00e9 en ligne ne s&#8217;applique qu&#8217;aux informations collect\u00e9es via notre site web et non aux informations collect\u00e9es hors ligne.<\/p>\n<p>L&#8217;Administration,<\/p>\n","protected":false},"excerpt":{"rendered":"<p>BARCELBAL \u2013 BALAN\u00c7AS E B\u00c1SCULAS, S. A. respecte la vie priv\u00e9e des visiteurs du site web www.barcelbal.com et prend toutes les pr\u00e9cautions n\u00e9cessaires pour prot\u00e9ger leurs informations personnelles. Cette politique de confidentialit\u00e9 a pour objectif de clarifier quelles informations nous collectons, comment nous pouvons les utiliser ainsi que les mesures de s\u00e9curit\u00e9 adopt\u00e9es pour prot\u00e9ger [&hellip;]<\/p>\n","protected":false},"author":2,"featured_media":9451,"parent":0,"menu_order":0,"comment_status":"closed","ping_status":"closed","template":"","meta":{"_acf_changed":false,"inline_featured_image":false,"footnotes":""},"class_list":["post-3751","page","type-page","status-publish","has-post-thumbnail","hentry"],"acf":[],"yoast_head":"<!-- This site is optimized with the Yoast SEO plugin v27.4 - https:\/\/yoast.com\/product\/yoast-seo-wordpress\/ -->\n<title>Politique de confidentialit\u00e9 | Barcelbal<\/title>\n<meta name=\"description\" content=\"Politique de confidentialit\u00e9 et conditions d&#039;utilisation de notre site Web.\" \/>\n<meta name=\"robots\" content=\"index, follow, max-snippet:-1, max-image-preview:large, max-video-preview:-1\" \/>\n<link rel=\"canonical\" href=\"https:\/\/barcelbal.com\/fr\/politique-de-confidentialite\/\" \/>\n<meta property=\"og:locale\" content=\"fr_FR\" \/>\n<meta property=\"og:type\" content=\"article\" \/>\n<meta property=\"og:title\" content=\"Politique de confidentialit\u00e9 | Barcelbal\" \/>\n<meta property=\"og:description\" content=\"Politique de confidentialit\u00e9 et conditions d&#039;utilisation de notre site Web.\" \/>\n<meta property=\"og:url\" content=\"https:\/\/barcelbal.com\/fr\/politique-de-confidentialite\/\" \/>\n<meta property=\"og:site_name\" content=\"Barcelbal\" \/>\n<meta property=\"article:publisher\" content=\"https:\/\/www.facebook.com\/barcelbal\/\" \/>\n<meta property=\"og:image\" content=\"https:\/\/barcelbal.com\/wp-content\/uploads\/2021\/06\/Politica_Privacidade_Barcelbal-1.png\" \/>\n\t<meta property=\"og:image:width\" content=\"1920\" \/>\n\t<meta property=\"og:image:height\" content=\"1080\" \/>\n\t<meta property=\"og:image:type\" content=\"image\/png\" \/>\n<meta name=\"twitter:card\" content=\"summary_large_image\" \/>\n<meta name=\"twitter:label1\" content=\"Dur\u00e9e de lecture estim\u00e9e\" \/>\n\t<meta name=\"twitter:data1\" content=\"5 minutes\" \/>\n<script type=\"application\/ld+json\" class=\"yoast-schema-graph\">{\"@context\":\"https:\\\/\\\/schema.org\",\"@graph\":[{\"@type\":\"WebPage\",\"@id\":\"https:\\\/\\\/barcelbal.com\\\/fr\\\/politique-de-confidentialite\\\/\",\"url\":\"https:\\\/\\\/barcelbal.com\\\/fr\\\/politique-de-confidentialite\\\/\",\"name\":\"Politique de confidentialit\u00e9 | Barcelbal\",\"isPartOf\":{\"@id\":\"https:\\\/\\\/barcelbal.com\\\/#website\"},\"primaryImageOfPage\":{\"@id\":\"https:\\\/\\\/barcelbal.com\\\/fr\\\/politique-de-confidentialite\\\/#primaryimage\"},\"image\":{\"@id\":\"https:\\\/\\\/barcelbal.com\\\/fr\\\/politique-de-confidentialite\\\/#primaryimage\"},\"thumbnailUrl\":\"https:\\\/\\\/barcelbal.com\\\/wp-content\\\/uploads\\\/2021\\\/06\\\/Politica_Privacidade_Barcelbal-1.png\",\"datePublished\":\"2025-01-24T10:36:50+00:00\",\"description\":\"Politique de confidentialit\u00e9 et conditions d'utilisation de notre site Web.\",\"breadcrumb\":{\"@id\":\"https:\\\/\\\/barcelbal.com\\\/fr\\\/politique-de-confidentialite\\\/#breadcrumb\"},\"inLanguage\":\"fr-FR\",\"potentialAction\":[{\"@type\":\"ReadAction\",\"target\":[\"https:\\\/\\\/barcelbal.com\\\/fr\\\/politique-de-confidentialite\\\/\"]}]},{\"@type\":\"ImageObject\",\"inLanguage\":\"fr-FR\",\"@id\":\"https:\\\/\\\/barcelbal.com\\\/fr\\\/politique-de-confidentialite\\\/#primaryimage\",\"url\":\"https:\\\/\\\/barcelbal.com\\\/wp-content\\\/uploads\\\/2021\\\/06\\\/Politica_Privacidade_Barcelbal-1.png\",\"contentUrl\":\"https:\\\/\\\/barcelbal.com\\\/wp-content\\\/uploads\\\/2021\\\/06\\\/Politica_Privacidade_Barcelbal-1.png\",\"width\":1920,\"height\":1080},{\"@type\":\"BreadcrumbList\",\"@id\":\"https:\\\/\\\/barcelbal.com\\\/fr\\\/politique-de-confidentialite\\\/#breadcrumb\",\"itemListElement\":[{\"@type\":\"ListItem\",\"position\":1,\"name\":\"In\u00edcio\",\"item\":\"https:\\\/\\\/barcelbal.com\\\/fr\\\/\"},{\"@type\":\"ListItem\",\"position\":2,\"name\":\"Politique de confidentialit\u00e9\"}]},{\"@type\":\"WebSite\",\"@id\":\"https:\\\/\\\/barcelbal.com\\\/#website\",\"url\":\"https:\\\/\\\/barcelbal.com\\\/\",\"name\":\"Barcelbal\",\"description\":\"Sistemas de pesagem, balan\u00e7as e b\u00e1sculas\",\"potentialAction\":[{\"@type\":\"SearchAction\",\"target\":{\"@type\":\"EntryPoint\",\"urlTemplate\":\"https:\\\/\\\/barcelbal.com\\\/?s={search_term_string}\"},\"query-input\":{\"@type\":\"PropertyValueSpecification\",\"valueRequired\":true,\"valueName\":\"search_term_string\"}}],\"inLanguage\":\"fr-FR\"}]}<\/script>\n<!-- \/ Yoast SEO plugin. -->","yoast_head_json":{"title":"Politique de confidentialit\u00e9 | Barcelbal","description":"Politique de confidentialit\u00e9 et conditions d'utilisation de notre site Web.","robots":{"index":"index","follow":"follow","max-snippet":"max-snippet:-1","max-image-preview":"max-image-preview:large","max-video-preview":"max-video-preview:-1"},"canonical":"https:\/\/barcelbal.com\/fr\/politique-de-confidentialite\/","og_locale":"fr_FR","og_type":"article","og_title":"Politique de confidentialit\u00e9 | Barcelbal","og_description":"Politique de confidentialit\u00e9 et conditions d'utilisation de notre site Web.","og_url":"https:\/\/barcelbal.com\/fr\/politique-de-confidentialite\/","og_site_name":"Barcelbal","article_publisher":"https:\/\/www.facebook.com\/barcelbal\/","og_image":[{"width":1920,"height":1080,"url":"https:\/\/barcelbal.com\/wp-content\/uploads\/2021\/06\/Politica_Privacidade_Barcelbal-1.png","type":"image\/png"}],"twitter_card":"summary_large_image","twitter_misc":{"Dur\u00e9e de lecture estim\u00e9e":"5 minutes"},"schema":{"@context":"https:\/\/schema.org","@graph":[{"@type":"WebPage","@id":"https:\/\/barcelbal.com\/fr\/politique-de-confidentialite\/","url":"https:\/\/barcelbal.com\/fr\/politique-de-confidentialite\/","name":"Politique de confidentialit\u00e9 | Barcelbal","isPartOf":{"@id":"https:\/\/barcelbal.com\/#website"},"primaryImageOfPage":{"@id":"https:\/\/barcelbal.com\/fr\/politique-de-confidentialite\/#primaryimage"},"image":{"@id":"https:\/\/barcelbal.com\/fr\/politique-de-confidentialite\/#primaryimage"},"thumbnailUrl":"https:\/\/barcelbal.com\/wp-content\/uploads\/2021\/06\/Politica_Privacidade_Barcelbal-1.png","datePublished":"2025-01-24T10:36:50+00:00","description":"Politique de confidentialit\u00e9 et conditions d'utilisation de notre site Web.","breadcrumb":{"@id":"https:\/\/barcelbal.com\/fr\/politique-de-confidentialite\/#breadcrumb"},"inLanguage":"fr-FR","potentialAction":[{"@type":"ReadAction","target":["https:\/\/barcelbal.com\/fr\/politique-de-confidentialite\/"]}]},{"@type":"ImageObject","inLanguage":"fr-FR","@id":"https:\/\/barcelbal.com\/fr\/politique-de-confidentialite\/#primaryimage","url":"https:\/\/barcelbal.com\/wp-content\/uploads\/2021\/06\/Politica_Privacidade_Barcelbal-1.png","contentUrl":"https:\/\/barcelbal.com\/wp-content\/uploads\/2021\/06\/Politica_Privacidade_Barcelbal-1.png","width":1920,"height":1080},{"@type":"BreadcrumbList","@id":"https:\/\/barcelbal.com\/fr\/politique-de-confidentialite\/#breadcrumb","itemListElement":[{"@type":"ListItem","position":1,"name":"In\u00edcio","item":"https:\/\/barcelbal.com\/fr\/"},{"@type":"ListItem","position":2,"name":"Politique de confidentialit\u00e9"}]},{"@type":"WebSite","@id":"https:\/\/barcelbal.com\/#website","url":"https:\/\/barcelbal.com\/","name":"Barcelbal","description":"Sistemas de pesagem, balan\u00e7as e b\u00e1sculas","potentialAction":[{"@type":"SearchAction","target":{"@type":"EntryPoint","urlTemplate":"https:\/\/barcelbal.com\/?s={search_term_string}"},"query-input":{"@type":"PropertyValueSpecification","valueRequired":true,"valueName":"search_term_string"}}],"inLanguage":"fr-FR"}]}},"_links":{"self":[{"href":"https:\/\/barcelbal.com\/fr\/wp-json\/wp\/v2\/pages\/3751","targetHints":{"allow":["GET"]}}],"collection":[{"href":"https:\/\/barcelbal.com\/fr\/wp-json\/wp\/v2\/pages"}],"about":[{"href":"https:\/\/barcelbal.com\/fr\/wp-json\/wp\/v2\/types\/page"}],"author":[{"embeddable":true,"href":"https:\/\/barcelbal.com\/fr\/wp-json\/wp\/v2\/users\/2"}],"replies":[{"embeddable":true,"href":"https:\/\/barcelbal.com\/fr\/wp-json\/wp\/v2\/comments?post=3751"}],"version-history":[{"count":3,"href":"https:\/\/barcelbal.com\/fr\/wp-json\/wp\/v2\/pages\/3751\/revisions"}],"predecessor-version":[{"id":9452,"href":"https:\/\/barcelbal.com\/fr\/wp-json\/wp\/v2\/pages\/3751\/revisions\/9452"}],"wp:featuredmedia":[{"embeddable":true,"href":"https:\/\/barcelbal.com\/fr\/wp-json\/wp\/v2\/media\/9451"}],"wp:attachment":[{"href":"https:\/\/barcelbal.com\/fr\/wp-json\/wp\/v2\/media?parent=3751"}],"curies":[{"name":"wp","href":"https:\/\/api.w.org\/{rel}","templated":true}]}}