{"id":4172,"date":"2021-06-16T11:04:03","date_gmt":"2021-06-16T11:04:03","guid":{"rendered":"https:\/\/barcelbal.com\/\/pedido-de-orcamento\/"},"modified":"2025-01-24T11:17:10","modified_gmt":"2025-01-24T11:17:10","slug":"demande-de-devis","status":"publish","type":"page","link":"https:\/\/barcelbal.com\/fr\/demande-de-devis\/","title":{"rendered":"Demande de devis"},"content":{"rendered":"<p>La qualit\u00e9, la rigueur et la pr\u00e9cision des \u00e9quipements Barcelbal permettent la gestion de votre entreprise de mani\u00e8re efficace et efficiente. Barcelbal propose des solutions innovantes et personnalis\u00e9es en fonction de vos besoins.<\/p>\n<p>Remplissez le formulaire et nous vous contacterons dans les plus brefs d\u00e9lais.<\/p>\n","protected":false},"excerpt":{"rendered":"<p>La qualit\u00e9, la rigueur et la pr\u00e9cision des \u00e9quipements Barcelbal permettent la gestion de votre entreprise de mani\u00e8re efficace et efficiente. Barcelbal propose des solutions innovantes et personnalis\u00e9es en fonction de vos besoins. Remplissez le formulaire et nous vous contacterons dans les plus brefs d\u00e9lais.<\/p>\n","protected":false},"author":1,"featured_media":2897,"parent":0,"menu_order":0,"comment_status":"closed","ping_status":"closed","template":"page-formulario.php","meta":{"_acf_changed":false,"inline_featured_image":false,"footnotes":""},"class_list":["post-4172","page","type-page","status-publish","has-post-thumbnail","hentry"],"acf":[],"yoast_head":"<!-- This site is optimized with the Yoast SEO plugin v27.4 - https:\/\/yoast.com\/product\/yoast-seo-wordpress\/ -->\n<title>Demande de devis | Barcelbal<\/title>\n<meta name=\"description\" content=\"Request your free quote now. Fill out the form or contact us +351 253 606 590 or geral@barcelbal.com.\" \/>\n<meta name=\"robots\" content=\"index, follow, max-snippet:-1, max-image-preview:large, max-video-preview:-1\" \/>\n<link rel=\"canonical\" href=\"https:\/\/barcelbal.com\/fr\/demande-de-devis\/\" \/>\n<meta property=\"og:locale\" content=\"fr_FR\" \/>\n<meta property=\"og:type\" content=\"article\" \/>\n<meta property=\"og:title\" content=\"Demande de devis Barcelbal\" \/>\n<meta property=\"og:description\" content=\"Pe\u00e7a j\u00e1 o seu or\u00e7amento gratuito e sem compromissos. Preencha o formul\u00e1rio ou entre em contacto atrav\u00e9s de 253606590 ou geral@barcelbal.com.\" \/>\n<meta property=\"og:url\" content=\"https:\/\/barcelbal.com\/fr\/demande-de-devis\/\" \/>\n<meta property=\"og:site_name\" content=\"Barcelbal\" \/>\n<meta property=\"article:publisher\" content=\"https:\/\/www.facebook.com\/barcelbal\/\" \/>\n<meta property=\"article:modified_time\" content=\"2025-01-24T11:17:10+00:00\" \/>\n<meta property=\"og:image\" content=\"https:\/\/barcelbal.com\/wp-content\/uploads\/2021\/07\/Pedido_Orcamento_Barcelbal.jpg\" \/>\n\t<meta property=\"og:image:width\" content=\"1920\" \/>\n\t<meta property=\"og:image:height\" content=\"1080\" \/>\n\t<meta property=\"og:image:type\" content=\"image\/jpeg\" \/>\n<meta name=\"twitter:card\" content=\"summary_large_image\" \/>\n<meta name=\"twitter:title\" content=\"Demande de devis Barcelbal\" \/>\n<meta name=\"twitter:description\" content=\"Pe\u00e7a j\u00e1 o seu or\u00e7amento gratuito e sem compromissos. Preencha o formul\u00e1rio ou entre em contacto atrav\u00e9s de 253606590 ou geral@barcelbal.com.\" \/>\n<meta name=\"twitter:image\" content=\"https:\/\/barcelbal.com\/wp-content\/uploads\/2021\/07\/Pedido_Orcamento_Barcelbal.jpg\" \/>\n<meta name=\"twitter:label1\" content=\"Dur\u00e9e de lecture estim\u00e9e\" \/>\n\t<meta name=\"twitter:data1\" content=\"1 minute\" \/>\n<script type=\"application\/ld+json\" class=\"yoast-schema-graph\">{\"@context\":\"https:\\\/\\\/schema.org\",\"@graph\":[{\"@type\":\"WebPage\",\"@id\":\"https:\\\/\\\/barcelbal.com\\\/fr\\\/demande-de-devis\\\/\",\"url\":\"https:\\\/\\\/barcelbal.com\\\/fr\\\/demande-de-devis\\\/\",\"name\":\"Demande de devis | Barcelbal\",\"isPartOf\":{\"@id\":\"https:\\\/\\\/barcelbal.com\\\/#website\"},\"primaryImageOfPage\":{\"@id\":\"https:\\\/\\\/barcelbal.com\\\/fr\\\/demande-de-devis\\\/#primaryimage\"},\"image\":{\"@id\":\"https:\\\/\\\/barcelbal.com\\\/fr\\\/demande-de-devis\\\/#primaryimage\"},\"thumbnailUrl\":\"https:\\\/\\\/barcelbal.com\\\/wp-content\\\/uploads\\\/2021\\\/07\\\/Pedido_Orcamento_Barcelbal.jpg\",\"datePublished\":\"2021-06-16T11:04:03+00:00\",\"dateModified\":\"2025-01-24T11:17:10+00:00\",\"description\":\"Request your free quote now. Fill out the form or contact us +351 253 606 590 or geral@barcelbal.com.\",\"breadcrumb\":{\"@id\":\"https:\\\/\\\/barcelbal.com\\\/fr\\\/demande-de-devis\\\/#breadcrumb\"},\"inLanguage\":\"fr-FR\",\"potentialAction\":[{\"@type\":\"ReadAction\",\"target\":[\"https:\\\/\\\/barcelbal.com\\\/fr\\\/demande-de-devis\\\/\"]}]},{\"@type\":\"ImageObject\",\"inLanguage\":\"fr-FR\",\"@id\":\"https:\\\/\\\/barcelbal.com\\\/fr\\\/demande-de-devis\\\/#primaryimage\",\"url\":\"https:\\\/\\\/barcelbal.com\\\/wp-content\\\/uploads\\\/2021\\\/07\\\/Pedido_Orcamento_Barcelbal.jpg\",\"contentUrl\":\"https:\\\/\\\/barcelbal.com\\\/wp-content\\\/uploads\\\/2021\\\/07\\\/Pedido_Orcamento_Barcelbal.jpg\",\"width\":1920,\"height\":1080},{\"@type\":\"BreadcrumbList\",\"@id\":\"https:\\\/\\\/barcelbal.com\\\/fr\\\/demande-de-devis\\\/#breadcrumb\",\"itemListElement\":[{\"@type\":\"ListItem\",\"position\":1,\"name\":\"In\u00edcio\",\"item\":\"https:\\\/\\\/barcelbal.com\\\/fr\\\/\"},{\"@type\":\"ListItem\",\"position\":2,\"name\":\"Demande de devis\"}]},{\"@type\":\"WebSite\",\"@id\":\"https:\\\/\\\/barcelbal.com\\\/#website\",\"url\":\"https:\\\/\\\/barcelbal.com\\\/\",\"name\":\"Barcelbal\",\"description\":\"Sistemas de pesagem, balan\u00e7as e b\u00e1sculas\",\"potentialAction\":[{\"@type\":\"SearchAction\",\"target\":{\"@type\":\"EntryPoint\",\"urlTemplate\":\"https:\\\/\\\/barcelbal.com\\\/?s={search_term_string}\"},\"query-input\":{\"@type\":\"PropertyValueSpecification\",\"valueRequired\":true,\"valueName\":\"search_term_string\"}}],\"inLanguage\":\"fr-FR\"}]}<\/script>\n<!-- \/ Yoast SEO plugin. -->","yoast_head_json":{"title":"Demande de devis | Barcelbal","description":"Request your free quote now. Fill out the form or contact us +351 253 606 590 or geral@barcelbal.com.","robots":{"index":"index","follow":"follow","max-snippet":"max-snippet:-1","max-image-preview":"max-image-preview:large","max-video-preview":"max-video-preview:-1"},"canonical":"https:\/\/barcelbal.com\/fr\/demande-de-devis\/","og_locale":"fr_FR","og_type":"article","og_title":"Demande de devis Barcelbal","og_description":"Pe\u00e7a j\u00e1 o seu or\u00e7amento gratuito e sem compromissos. Preencha o formul\u00e1rio ou entre em contacto atrav\u00e9s de 253606590 ou geral@barcelbal.com.","og_url":"https:\/\/barcelbal.com\/fr\/demande-de-devis\/","og_site_name":"Barcelbal","article_publisher":"https:\/\/www.facebook.com\/barcelbal\/","article_modified_time":"2025-01-24T11:17:10+00:00","og_image":[{"width":1920,"height":1080,"url":"https:\/\/barcelbal.com\/wp-content\/uploads\/2021\/07\/Pedido_Orcamento_Barcelbal.jpg","type":"image\/jpeg"}],"twitter_card":"summary_large_image","twitter_title":"Demande de devis Barcelbal","twitter_description":"Pe\u00e7a j\u00e1 o seu or\u00e7amento gratuito e sem compromissos. Preencha o formul\u00e1rio ou entre em contacto atrav\u00e9s de 253606590 ou geral@barcelbal.com.","twitter_image":"https:\/\/barcelbal.com\/wp-content\/uploads\/2021\/07\/Pedido_Orcamento_Barcelbal.jpg","twitter_misc":{"Dur\u00e9e de lecture estim\u00e9e":"1 minute"},"schema":{"@context":"https:\/\/schema.org","@graph":[{"@type":"WebPage","@id":"https:\/\/barcelbal.com\/fr\/demande-de-devis\/","url":"https:\/\/barcelbal.com\/fr\/demande-de-devis\/","name":"Demande de devis | Barcelbal","isPartOf":{"@id":"https:\/\/barcelbal.com\/#website"},"primaryImageOfPage":{"@id":"https:\/\/barcelbal.com\/fr\/demande-de-devis\/#primaryimage"},"image":{"@id":"https:\/\/barcelbal.com\/fr\/demande-de-devis\/#primaryimage"},"thumbnailUrl":"https:\/\/barcelbal.com\/wp-content\/uploads\/2021\/07\/Pedido_Orcamento_Barcelbal.jpg","datePublished":"2021-06-16T11:04:03+00:00","dateModified":"2025-01-24T11:17:10+00:00","description":"Request your free quote now. Fill out the form or contact us +351 253 606 590 or geral@barcelbal.com.","breadcrumb":{"@id":"https:\/\/barcelbal.com\/fr\/demande-de-devis\/#breadcrumb"},"inLanguage":"fr-FR","potentialAction":[{"@type":"ReadAction","target":["https:\/\/barcelbal.com\/fr\/demande-de-devis\/"]}]},{"@type":"ImageObject","inLanguage":"fr-FR","@id":"https:\/\/barcelbal.com\/fr\/demande-de-devis\/#primaryimage","url":"https:\/\/barcelbal.com\/wp-content\/uploads\/2021\/07\/Pedido_Orcamento_Barcelbal.jpg","contentUrl":"https:\/\/barcelbal.com\/wp-content\/uploads\/2021\/07\/Pedido_Orcamento_Barcelbal.jpg","width":1920,"height":1080},{"@type":"BreadcrumbList","@id":"https:\/\/barcelbal.com\/fr\/demande-de-devis\/#breadcrumb","itemListElement":[{"@type":"ListItem","position":1,"name":"In\u00edcio","item":"https:\/\/barcelbal.com\/fr\/"},{"@type":"ListItem","position":2,"name":"Demande de devis"}]},{"@type":"WebSite","@id":"https:\/\/barcelbal.com\/#website","url":"https:\/\/barcelbal.com\/","name":"Barcelbal","description":"Sistemas de pesagem, balan\u00e7as e b\u00e1sculas","potentialAction":[{"@type":"SearchAction","target":{"@type":"EntryPoint","urlTemplate":"https:\/\/barcelbal.com\/?s={search_term_string}"},"query-input":{"@type":"PropertyValueSpecification","valueRequired":true,"valueName":"search_term_string"}}],"inLanguage":"fr-FR"}]}},"_links":{"self":[{"href":"https:\/\/barcelbal.com\/fr\/wp-json\/wp\/v2\/pages\/4172","targetHints":{"allow":["GET"]}}],"collection":[{"href":"https:\/\/barcelbal.com\/fr\/wp-json\/wp\/v2\/pages"}],"about":[{"href":"https:\/\/barcelbal.com\/fr\/wp-json\/wp\/v2\/types\/page"}],"author":[{"embeddable":true,"href":"https:\/\/barcelbal.com\/fr\/wp-json\/wp\/v2\/users\/1"}],"replies":[{"embeddable":true,"href":"https:\/\/barcelbal.com\/fr\/wp-json\/wp\/v2\/comments?post=4172"}],"version-history":[{"count":2,"href":"https:\/\/barcelbal.com\/fr\/wp-json\/wp\/v2\/pages\/4172\/revisions"}],"predecessor-version":[{"id":4177,"href":"https:\/\/barcelbal.com\/fr\/wp-json\/wp\/v2\/pages\/4172\/revisions\/4177"}],"wp:featuredmedia":[{"embeddable":true,"href":"https:\/\/barcelbal.com\/fr\/wp-json\/wp\/v2\/media\/2897"}],"wp:attachment":[{"href":"https:\/\/barcelbal.com\/fr\/wp-json\/wp\/v2\/media?parent=4172"}],"curies":[{"name":"wp","href":"https:\/\/api.w.org\/{rel}","templated":true}]}}