{"id":9262,"date":"2022-05-09T14:12:29","date_gmt":"2022-05-09T14:12:29","guid":{"rendered":"https:\/\/barcelbal.com\/a-barcelbal\/"},"modified":"2025-12-03T11:06:30","modified_gmt":"2025-12-03T11:06:30","slug":"a-barcelbal","status":"publish","type":"page","link":"https:\/\/barcelbal.com\/fr\/a-barcelbal\/","title":{"rendered":"A Barcelbal"},"content":{"rendered":"<p>BARCELBAL a d\u00e9but\u00e9 son activit\u00e9 dans l\u2019Industrie du Pesage dans les ann\u00e9es 80. Avec 38 ans d&#8217;activit\u00e9, nous disposons d&#8217;une structure organisationnelle solide, comp\u00e9tente et professionnelle.<\/p>\n<p>Nous sommes une entreprise qui s&#8217;adapte aux \u00e9volutions du march\u00e9 gr\u00e2ce \u00e0 des investissements continus dans les domaines de la qualit\u00e9, de la technologie, de la recherche et de l&#8217;innovation.<\/p>\n<p>En plus des sp\u00e9cialistes dans le d\u00e9veloppement, de la fabrication d&#8217;\u00e9quipements de pesage et de la maintenance pour tous types et marques de balances, nous appliquons la technologie au secteur du pesage industriel pour une plus grande comp\u00e9titivit\u00e9 de nos clients.<\/p>\n<p>Nous travaillons avec nos clients, \u00e0 travers la personnalisation de nos produits, pour trouver la meilleure solution pour leur entreprise.<\/p>\n","protected":false},"excerpt":{"rendered":"<p>BARCELBAL a d\u00e9but\u00e9 son activit\u00e9 dans l\u2019Industrie du Pesage dans les ann\u00e9es 80. Avec 38 ans d&#8217;activit\u00e9, nous disposons d&#8217;une structure organisationnelle solide, comp\u00e9tente et professionnelle. Nous sommes une entreprise qui s&#8217;adapte aux \u00e9volutions du march\u00e9 gr\u00e2ce \u00e0 des investissements continus dans les domaines de la qualit\u00e9, de la technologie, de la recherche et de [&hellip;]<\/p>\n","protected":false},"author":1,"featured_media":3474,"parent":0,"menu_order":0,"comment_status":"closed","ping_status":"closed","template":"page-about2.php","meta":{"_acf_changed":false,"inline_featured_image":false,"footnotes":""},"class_list":["post-9262","page","type-page","status-publish","has-post-thumbnail","hentry"],"acf":[],"yoast_head":"<!-- This site is optimized with the Yoast SEO plugin v27.4 - https:\/\/yoast.com\/product\/yoast-seo-wordpress\/ -->\n<title>A Barcelbal | Barcelbal<\/title>\n<meta name=\"description\" content=\"Avec 38 ans d&#039;activit\u00e9, nous disposons d&#039;une structure organisationnelle solide, comp\u00e9tente et professionnelle. 38 ans qui p\u00e8sent ensemble !\" \/>\n<meta name=\"robots\" content=\"index, follow, max-snippet:-1, max-image-preview:large, max-video-preview:-1\" \/>\n<link rel=\"canonical\" href=\"https:\/\/barcelbal.com\/fr\/a-barcelbal\/\" \/>\n<meta property=\"og:locale\" content=\"fr_FR\" \/>\n<meta property=\"og:type\" content=\"article\" \/>\n<meta property=\"og:title\" content=\"A Barcelbal Barcelbal\" \/>\n<meta property=\"og:description\" content=\"Avec 38 ans d&#039;activit\u00e9, nous disposons d&#039;une structure organisationnelle solide, comp\u00e9tente et professionnelle. 38 ans qui p\u00e8sent ensemble !\" \/>\n<meta property=\"og:url\" content=\"https:\/\/barcelbal.com\/fr\/a-barcelbal\/\" \/>\n<meta property=\"og:site_name\" content=\"Barcelbal\" \/>\n<meta property=\"article:publisher\" content=\"https:\/\/www.facebook.com\/barcelbal\/\" \/>\n<meta property=\"article:modified_time\" content=\"2025-12-03T11:06:30+00:00\" \/>\n<meta property=\"og:image\" content=\"https:\/\/barcelbal.com\/wp-content\/uploads\/2022\/07\/1987_3_Instalacao_Primeira_Balanca_Analogica.jpg\" \/>\n\t<meta property=\"og:image:width\" content=\"1920\" \/>\n\t<meta property=\"og:image:height\" content=\"1080\" \/>\n\t<meta property=\"og:image:type\" content=\"image\/jpeg\" \/>\n<meta name=\"twitter:card\" content=\"summary_large_image\" \/>\n<meta name=\"twitter:title\" content=\"A Barcelbal Barcelbal\" \/>\n<meta name=\"twitter:description\" content=\"Com 35 anos de atividade, apresentamos uma estrutura organizacional s\u00f3lida, competente e profissional. 35 anos a pesar juntos!\" \/>\n<meta name=\"twitter:image\" content=\"https:\/\/barcelbal.com\/wp-content\/uploads\/2022\/07\/1987_3_Instalacao_Primeira_Balanca_Analogica.jpg\" \/>\n<meta name=\"twitter:label1\" content=\"Dur\u00e9e de lecture estim\u00e9e\" \/>\n\t<meta name=\"twitter:data1\" content=\"1 minute\" \/>\n<script type=\"application\/ld+json\" class=\"yoast-schema-graph\">{\"@context\":\"https:\\\/\\\/schema.org\",\"@graph\":[{\"@type\":\"WebPage\",\"@id\":\"https:\\\/\\\/barcelbal.com\\\/fr\\\/a-barcelbal\\\/\",\"url\":\"https:\\\/\\\/barcelbal.com\\\/fr\\\/a-barcelbal\\\/\",\"name\":\"A Barcelbal | Barcelbal\",\"isPartOf\":{\"@id\":\"https:\\\/\\\/barcelbal.com\\\/#website\"},\"primaryImageOfPage\":{\"@id\":\"https:\\\/\\\/barcelbal.com\\\/fr\\\/a-barcelbal\\\/#primaryimage\"},\"image\":{\"@id\":\"https:\\\/\\\/barcelbal.com\\\/fr\\\/a-barcelbal\\\/#primaryimage\"},\"thumbnailUrl\":\"https:\\\/\\\/barcelbal.com\\\/wp-content\\\/uploads\\\/2022\\\/07\\\/1987_3_Instalacao_Primeira_Balanca_Analogica.jpg\",\"datePublished\":\"2022-05-09T14:12:29+00:00\",\"dateModified\":\"2025-12-03T11:06:30+00:00\",\"description\":\"Avec 38 ans d'activit\u00e9, nous disposons d'une structure organisationnelle solide, comp\u00e9tente et professionnelle. 38 ans qui p\u00e8sent ensemble !\",\"breadcrumb\":{\"@id\":\"https:\\\/\\\/barcelbal.com\\\/fr\\\/a-barcelbal\\\/#breadcrumb\"},\"inLanguage\":\"fr-FR\",\"potentialAction\":[{\"@type\":\"ReadAction\",\"target\":[\"https:\\\/\\\/barcelbal.com\\\/fr\\\/a-barcelbal\\\/\"]}]},{\"@type\":\"ImageObject\",\"inLanguage\":\"fr-FR\",\"@id\":\"https:\\\/\\\/barcelbal.com\\\/fr\\\/a-barcelbal\\\/#primaryimage\",\"url\":\"https:\\\/\\\/barcelbal.com\\\/wp-content\\\/uploads\\\/2022\\\/07\\\/1987_3_Instalacao_Primeira_Balanca_Analogica.jpg\",\"contentUrl\":\"https:\\\/\\\/barcelbal.com\\\/wp-content\\\/uploads\\\/2022\\\/07\\\/1987_3_Instalacao_Primeira_Balanca_Analogica.jpg\",\"width\":1920,\"height\":1080},{\"@type\":\"BreadcrumbList\",\"@id\":\"https:\\\/\\\/barcelbal.com\\\/fr\\\/a-barcelbal\\\/#breadcrumb\",\"itemListElement\":[{\"@type\":\"ListItem\",\"position\":1,\"name\":\"In\u00edcio\",\"item\":\"https:\\\/\\\/barcelbal.com\\\/fr\\\/\"},{\"@type\":\"ListItem\",\"position\":2,\"name\":\"A Barcelbal\"}]},{\"@type\":\"WebSite\",\"@id\":\"https:\\\/\\\/barcelbal.com\\\/#website\",\"url\":\"https:\\\/\\\/barcelbal.com\\\/\",\"name\":\"Barcelbal\",\"description\":\"Sistemas de pesagem, balan\u00e7as e b\u00e1sculas\",\"potentialAction\":[{\"@type\":\"SearchAction\",\"target\":{\"@type\":\"EntryPoint\",\"urlTemplate\":\"https:\\\/\\\/barcelbal.com\\\/?s={search_term_string}\"},\"query-input\":{\"@type\":\"PropertyValueSpecification\",\"valueRequired\":true,\"valueName\":\"search_term_string\"}}],\"inLanguage\":\"fr-FR\"}]}<\/script>\n<!-- \/ Yoast SEO plugin. -->","yoast_head_json":{"title":"A Barcelbal | Barcelbal","description":"Avec 38 ans d'activit\u00e9, nous disposons d'une structure organisationnelle solide, comp\u00e9tente et professionnelle. 38 ans qui p\u00e8sent ensemble !","robots":{"index":"index","follow":"follow","max-snippet":"max-snippet:-1","max-image-preview":"max-image-preview:large","max-video-preview":"max-video-preview:-1"},"canonical":"https:\/\/barcelbal.com\/fr\/a-barcelbal\/","og_locale":"fr_FR","og_type":"article","og_title":"A Barcelbal Barcelbal","og_description":"Avec 38 ans d'activit\u00e9, nous disposons d'une structure organisationnelle solide, comp\u00e9tente et professionnelle. 38 ans qui p\u00e8sent ensemble !","og_url":"https:\/\/barcelbal.com\/fr\/a-barcelbal\/","og_site_name":"Barcelbal","article_publisher":"https:\/\/www.facebook.com\/barcelbal\/","article_modified_time":"2025-12-03T11:06:30+00:00","og_image":[{"width":1920,"height":1080,"url":"https:\/\/barcelbal.com\/wp-content\/uploads\/2022\/07\/1987_3_Instalacao_Primeira_Balanca_Analogica.jpg","type":"image\/jpeg"}],"twitter_card":"summary_large_image","twitter_title":"A Barcelbal Barcelbal","twitter_description":"Com 35 anos de atividade, apresentamos uma estrutura organizacional s\u00f3lida, competente e profissional. 35 anos a pesar juntos!","twitter_image":"https:\/\/barcelbal.com\/wp-content\/uploads\/2022\/07\/1987_3_Instalacao_Primeira_Balanca_Analogica.jpg","twitter_misc":{"Dur\u00e9e de lecture estim\u00e9e":"1 minute"},"schema":{"@context":"https:\/\/schema.org","@graph":[{"@type":"WebPage","@id":"https:\/\/barcelbal.com\/fr\/a-barcelbal\/","url":"https:\/\/barcelbal.com\/fr\/a-barcelbal\/","name":"A Barcelbal | Barcelbal","isPartOf":{"@id":"https:\/\/barcelbal.com\/#website"},"primaryImageOfPage":{"@id":"https:\/\/barcelbal.com\/fr\/a-barcelbal\/#primaryimage"},"image":{"@id":"https:\/\/barcelbal.com\/fr\/a-barcelbal\/#primaryimage"},"thumbnailUrl":"https:\/\/barcelbal.com\/wp-content\/uploads\/2022\/07\/1987_3_Instalacao_Primeira_Balanca_Analogica.jpg","datePublished":"2022-05-09T14:12:29+00:00","dateModified":"2025-12-03T11:06:30+00:00","description":"Avec 38 ans d'activit\u00e9, nous disposons d'une structure organisationnelle solide, comp\u00e9tente et professionnelle. 38 ans qui p\u00e8sent ensemble !","breadcrumb":{"@id":"https:\/\/barcelbal.com\/fr\/a-barcelbal\/#breadcrumb"},"inLanguage":"fr-FR","potentialAction":[{"@type":"ReadAction","target":["https:\/\/barcelbal.com\/fr\/a-barcelbal\/"]}]},{"@type":"ImageObject","inLanguage":"fr-FR","@id":"https:\/\/barcelbal.com\/fr\/a-barcelbal\/#primaryimage","url":"https:\/\/barcelbal.com\/wp-content\/uploads\/2022\/07\/1987_3_Instalacao_Primeira_Balanca_Analogica.jpg","contentUrl":"https:\/\/barcelbal.com\/wp-content\/uploads\/2022\/07\/1987_3_Instalacao_Primeira_Balanca_Analogica.jpg","width":1920,"height":1080},{"@type":"BreadcrumbList","@id":"https:\/\/barcelbal.com\/fr\/a-barcelbal\/#breadcrumb","itemListElement":[{"@type":"ListItem","position":1,"name":"In\u00edcio","item":"https:\/\/barcelbal.com\/fr\/"},{"@type":"ListItem","position":2,"name":"A Barcelbal"}]},{"@type":"WebSite","@id":"https:\/\/barcelbal.com\/#website","url":"https:\/\/barcelbal.com\/","name":"Barcelbal","description":"Sistemas de pesagem, balan\u00e7as e b\u00e1sculas","potentialAction":[{"@type":"SearchAction","target":{"@type":"EntryPoint","urlTemplate":"https:\/\/barcelbal.com\/?s={search_term_string}"},"query-input":{"@type":"PropertyValueSpecification","valueRequired":true,"valueName":"search_term_string"}}],"inLanguage":"fr-FR"}]}},"_links":{"self":[{"href":"https:\/\/barcelbal.com\/fr\/wp-json\/wp\/v2\/pages\/9262","targetHints":{"allow":["GET"]}}],"collection":[{"href":"https:\/\/barcelbal.com\/fr\/wp-json\/wp\/v2\/pages"}],"about":[{"href":"https:\/\/barcelbal.com\/fr\/wp-json\/wp\/v2\/types\/page"}],"author":[{"embeddable":true,"href":"https:\/\/barcelbal.com\/fr\/wp-json\/wp\/v2\/users\/1"}],"replies":[{"embeddable":true,"href":"https:\/\/barcelbal.com\/fr\/wp-json\/wp\/v2\/comments?post=9262"}],"version-history":[{"count":5,"href":"https:\/\/barcelbal.com\/fr\/wp-json\/wp\/v2\/pages\/9262\/revisions"}],"predecessor-version":[{"id":10791,"href":"https:\/\/barcelbal.com\/fr\/wp-json\/wp\/v2\/pages\/9262\/revisions\/10791"}],"wp:featuredmedia":[{"embeddable":true,"href":"https:\/\/barcelbal.com\/fr\/wp-json\/wp\/v2\/media\/3474"}],"wp:attachment":[{"href":"https:\/\/barcelbal.com\/fr\/wp-json\/wp\/v2\/media?parent=9262"}],"curies":[{"name":"wp","href":"https:\/\/api.w.org\/{rel}","templated":true}]}}