{"id":9324,"date":"2023-12-20T16:23:12","date_gmt":"2023-12-20T16:23:12","guid":{"rendered":"https:\/\/barcelbal.com\/area-reservada\/"},"modified":"2025-01-09T12:08:12","modified_gmt":"2025-01-09T12:08:12","slug":"espace-reserve","status":"publish","type":"page","link":"https:\/\/barcelbal.com\/fr\/espace-reserve\/","title":{"rendered":"Espace r\u00e9serv\u00e9"},"content":{"rendered":"","protected":false},"excerpt":{"rendered":"","protected":false},"author":2,"featured_media":6693,"parent":0,"menu_order":0,"comment_status":"closed","ping_status":"closed","template":"page-login.php","meta":{"_acf_changed":false,"inline_featured_image":false,"footnotes":""},"class_list":["post-9324","page","type-page","status-publish","has-post-thumbnail","hentry"],"acf":[],"yoast_head":"<!-- This site is optimized with the Yoast SEO plugin v27.4 - https:\/\/yoast.com\/product\/yoast-seo-wordpress\/ -->\n<title>Espace r\u00e9serv\u00e9 | Barcelbal<\/title>\n<meta name=\"description\" content=\"Bienvenue dans l&#039;espace priv\u00e9 de Barcelbal! Acc\u00e9dez \u00e0 des documents exclusifs, \u00e0 de la documentation technique \u00e0 des manuels.\" \/>\n<meta name=\"robots\" content=\"index, follow, max-snippet:-1, max-image-preview:large, max-video-preview:-1\" \/>\n<link rel=\"canonical\" href=\"https:\/\/barcelbal.com\/fr\/espace-reserve\/\" \/>\n<meta property=\"og:locale\" content=\"fr_FR\" \/>\n<meta property=\"og:type\" content=\"article\" \/>\n<meta property=\"og:title\" content=\"Espace r\u00e9serv\u00e9 | Barcelbal\" \/>\n<meta property=\"og:description\" content=\"Bienvenue dans l&#039;espace priv\u00e9 de Barcelbal! Acc\u00e9dez \u00e0 des documents exclusifs, \u00e0 de la documentation technique \u00e0 des manuels.\" \/>\n<meta property=\"og:url\" content=\"https:\/\/barcelbal.com\/fr\/espace-reserve\/\" \/>\n<meta property=\"og:site_name\" content=\"Barcelbal\" \/>\n<meta property=\"article:publisher\" content=\"https:\/\/www.facebook.com\/barcelbal\/\" \/>\n<meta property=\"article:modified_time\" content=\"2025-01-09T12:08:12+00:00\" \/>\n<meta property=\"og:image\" content=\"https:\/\/barcelbal.com\/wp-content\/uploads\/2022\/10\/Bascula_Ponte_Pesa_Camioes_Barcelbal_Enacol_Praia.jpg\" \/>\n\t<meta property=\"og:image:width\" content=\"1320\" \/>\n\t<meta property=\"og:image:height\" content=\"743\" \/>\n\t<meta property=\"og:image:type\" content=\"image\/jpeg\" \/>\n<meta name=\"twitter:card\" content=\"summary_large_image\" \/>\n<meta name=\"twitter:label1\" content=\"Dur\u00e9e de lecture estim\u00e9e\" \/>\n\t<meta name=\"twitter:data1\" content=\"1 minute\" \/>\n<script type=\"application\/ld+json\" class=\"yoast-schema-graph\">{\"@context\":\"https:\\\/\\\/schema.org\",\"@graph\":[{\"@type\":\"WebPage\",\"@id\":\"https:\\\/\\\/barcelbal.com\\\/fr\\\/espace-reserve\\\/\",\"url\":\"https:\\\/\\\/barcelbal.com\\\/fr\\\/espace-reserve\\\/\",\"name\":\"Espace r\u00e9serv\u00e9 | Barcelbal\",\"isPartOf\":{\"@id\":\"https:\\\/\\\/barcelbal.com\\\/#website\"},\"primaryImageOfPage\":{\"@id\":\"https:\\\/\\\/barcelbal.com\\\/fr\\\/espace-reserve\\\/#primaryimage\"},\"image\":{\"@id\":\"https:\\\/\\\/barcelbal.com\\\/fr\\\/espace-reserve\\\/#primaryimage\"},\"thumbnailUrl\":\"https:\\\/\\\/barcelbal.com\\\/wp-content\\\/uploads\\\/2022\\\/10\\\/Bascula_Ponte_Pesa_Camioes_Barcelbal_Enacol_Praia.jpg\",\"datePublished\":\"2023-12-20T16:23:12+00:00\",\"dateModified\":\"2025-01-09T12:08:12+00:00\",\"description\":\"Bienvenue dans l'espace priv\u00e9 de Barcelbal! Acc\u00e9dez \u00e0 des documents exclusifs, \u00e0 de la documentation technique \u00e0 des manuels.\",\"breadcrumb\":{\"@id\":\"https:\\\/\\\/barcelbal.com\\\/fr\\\/espace-reserve\\\/#breadcrumb\"},\"inLanguage\":\"fr-FR\",\"potentialAction\":[{\"@type\":\"ReadAction\",\"target\":[\"https:\\\/\\\/barcelbal.com\\\/fr\\\/espace-reserve\\\/\"]}]},{\"@type\":\"ImageObject\",\"inLanguage\":\"fr-FR\",\"@id\":\"https:\\\/\\\/barcelbal.com\\\/fr\\\/espace-reserve\\\/#primaryimage\",\"url\":\"https:\\\/\\\/barcelbal.com\\\/wp-content\\\/uploads\\\/2022\\\/10\\\/Bascula_Ponte_Pesa_Camioes_Barcelbal_Enacol_Praia.jpg\",\"contentUrl\":\"https:\\\/\\\/barcelbal.com\\\/wp-content\\\/uploads\\\/2022\\\/10\\\/Bascula_Ponte_Pesa_Camioes_Barcelbal_Enacol_Praia.jpg\",\"width\":1320,\"height\":743,\"caption\":\"B\u00e1scula Ponte Pesa Cami\u00f5es Met\u00e1lica instalada na Enacol\"},{\"@type\":\"BreadcrumbList\",\"@id\":\"https:\\\/\\\/barcelbal.com\\\/fr\\\/espace-reserve\\\/#breadcrumb\",\"itemListElement\":[{\"@type\":\"ListItem\",\"position\":1,\"name\":\"In\u00edcio\",\"item\":\"https:\\\/\\\/barcelbal.com\\\/fr\\\/\"},{\"@type\":\"ListItem\",\"position\":2,\"name\":\"Espace r\u00e9serv\u00e9\"}]},{\"@type\":\"WebSite\",\"@id\":\"https:\\\/\\\/barcelbal.com\\\/#website\",\"url\":\"https:\\\/\\\/barcelbal.com\\\/\",\"name\":\"Barcelbal\",\"description\":\"Sistemas de pesagem, balan\u00e7as e b\u00e1sculas\",\"potentialAction\":[{\"@type\":\"SearchAction\",\"target\":{\"@type\":\"EntryPoint\",\"urlTemplate\":\"https:\\\/\\\/barcelbal.com\\\/?s={search_term_string}\"},\"query-input\":{\"@type\":\"PropertyValueSpecification\",\"valueRequired\":true,\"valueName\":\"search_term_string\"}}],\"inLanguage\":\"fr-FR\"}]}<\/script>\n<!-- \/ Yoast SEO plugin. -->","yoast_head_json":{"title":"Espace r\u00e9serv\u00e9 | Barcelbal","description":"Bienvenue dans l'espace priv\u00e9 de Barcelbal! Acc\u00e9dez \u00e0 des documents exclusifs, \u00e0 de la documentation technique \u00e0 des manuels.","robots":{"index":"index","follow":"follow","max-snippet":"max-snippet:-1","max-image-preview":"max-image-preview:large","max-video-preview":"max-video-preview:-1"},"canonical":"https:\/\/barcelbal.com\/fr\/espace-reserve\/","og_locale":"fr_FR","og_type":"article","og_title":"Espace r\u00e9serv\u00e9 | Barcelbal","og_description":"Bienvenue dans l'espace priv\u00e9 de Barcelbal! Acc\u00e9dez \u00e0 des documents exclusifs, \u00e0 de la documentation technique \u00e0 des manuels.","og_url":"https:\/\/barcelbal.com\/fr\/espace-reserve\/","og_site_name":"Barcelbal","article_publisher":"https:\/\/www.facebook.com\/barcelbal\/","article_modified_time":"2025-01-09T12:08:12+00:00","og_image":[{"width":1320,"height":743,"url":"https:\/\/barcelbal.com\/wp-content\/uploads\/2022\/10\/Bascula_Ponte_Pesa_Camioes_Barcelbal_Enacol_Praia.jpg","type":"image\/jpeg"}],"twitter_card":"summary_large_image","twitter_misc":{"Dur\u00e9e de lecture estim\u00e9e":"1 minute"},"schema":{"@context":"https:\/\/schema.org","@graph":[{"@type":"WebPage","@id":"https:\/\/barcelbal.com\/fr\/espace-reserve\/","url":"https:\/\/barcelbal.com\/fr\/espace-reserve\/","name":"Espace r\u00e9serv\u00e9 | Barcelbal","isPartOf":{"@id":"https:\/\/barcelbal.com\/#website"},"primaryImageOfPage":{"@id":"https:\/\/barcelbal.com\/fr\/espace-reserve\/#primaryimage"},"image":{"@id":"https:\/\/barcelbal.com\/fr\/espace-reserve\/#primaryimage"},"thumbnailUrl":"https:\/\/barcelbal.com\/wp-content\/uploads\/2022\/10\/Bascula_Ponte_Pesa_Camioes_Barcelbal_Enacol_Praia.jpg","datePublished":"2023-12-20T16:23:12+00:00","dateModified":"2025-01-09T12:08:12+00:00","description":"Bienvenue dans l'espace priv\u00e9 de Barcelbal! Acc\u00e9dez \u00e0 des documents exclusifs, \u00e0 de la documentation technique \u00e0 des manuels.","breadcrumb":{"@id":"https:\/\/barcelbal.com\/fr\/espace-reserve\/#breadcrumb"},"inLanguage":"fr-FR","potentialAction":[{"@type":"ReadAction","target":["https:\/\/barcelbal.com\/fr\/espace-reserve\/"]}]},{"@type":"ImageObject","inLanguage":"fr-FR","@id":"https:\/\/barcelbal.com\/fr\/espace-reserve\/#primaryimage","url":"https:\/\/barcelbal.com\/wp-content\/uploads\/2022\/10\/Bascula_Ponte_Pesa_Camioes_Barcelbal_Enacol_Praia.jpg","contentUrl":"https:\/\/barcelbal.com\/wp-content\/uploads\/2022\/10\/Bascula_Ponte_Pesa_Camioes_Barcelbal_Enacol_Praia.jpg","width":1320,"height":743,"caption":"B\u00e1scula Ponte Pesa Cami\u00f5es Met\u00e1lica instalada na Enacol"},{"@type":"BreadcrumbList","@id":"https:\/\/barcelbal.com\/fr\/espace-reserve\/#breadcrumb","itemListElement":[{"@type":"ListItem","position":1,"name":"In\u00edcio","item":"https:\/\/barcelbal.com\/fr\/"},{"@type":"ListItem","position":2,"name":"Espace r\u00e9serv\u00e9"}]},{"@type":"WebSite","@id":"https:\/\/barcelbal.com\/#website","url":"https:\/\/barcelbal.com\/","name":"Barcelbal","description":"Sistemas de pesagem, balan\u00e7as e b\u00e1sculas","potentialAction":[{"@type":"SearchAction","target":{"@type":"EntryPoint","urlTemplate":"https:\/\/barcelbal.com\/?s={search_term_string}"},"query-input":{"@type":"PropertyValueSpecification","valueRequired":true,"valueName":"search_term_string"}}],"inLanguage":"fr-FR"}]}},"_links":{"self":[{"href":"https:\/\/barcelbal.com\/fr\/wp-json\/wp\/v2\/pages\/9324","targetHints":{"allow":["GET"]}}],"collection":[{"href":"https:\/\/barcelbal.com\/fr\/wp-json\/wp\/v2\/pages"}],"about":[{"href":"https:\/\/barcelbal.com\/fr\/wp-json\/wp\/v2\/types\/page"}],"author":[{"embeddable":true,"href":"https:\/\/barcelbal.com\/fr\/wp-json\/wp\/v2\/users\/2"}],"replies":[{"embeddable":true,"href":"https:\/\/barcelbal.com\/fr\/wp-json\/wp\/v2\/comments?post=9324"}],"version-history":[{"count":2,"href":"https:\/\/barcelbal.com\/fr\/wp-json\/wp\/v2\/pages\/9324\/revisions"}],"predecessor-version":[{"id":9330,"href":"https:\/\/barcelbal.com\/fr\/wp-json\/wp\/v2\/pages\/9324\/revisions\/9330"}],"wp:featuredmedia":[{"embeddable":true,"href":"https:\/\/barcelbal.com\/fr\/wp-json\/wp\/v2\/media\/6693"}],"wp:attachment":[{"href":"https:\/\/barcelbal.com\/fr\/wp-json\/wp\/v2\/media?parent=9324"}],"curies":[{"name":"wp","href":"https:\/\/api.w.org\/{rel}","templated":true}]}}